{"id":2066,"date":"2025-05-30T19:41:10","date_gmt":"2025-05-30T19:41:10","guid":{"rendered":"https:\/\/whalescapitalfunding.com\/?page_id=2066"},"modified":"2025-08-25T10:12:59","modified_gmt":"2025-08-25T10:12:59","slug":"politiques-de-laml-du-kyc","status":"publish","type":"page","link":"https:\/\/whalescapitalfunding.com\/fr\/politiques-de-laml-du-kyc\/","title":{"rendered":"Politiques KYC \/ AML"},"content":{"rendered":"<div data-elementor-type=\"wp-page\" data-elementor-id=\"2066\" class=\"elementor elementor-2066\" data-elementor-post-type=\"page\">\n\t\t\t\t<div class=\"elementor-element elementor-element-fe3522e e-flex e-con-boxed e-con e-parent\" data-id=\"fe3522e\" data-element_type=\"container\" data-settings=\"{&quot;jet_parallax_layout_list&quot;:[]}\">\n\t\t\t\t\t<div class=\"e-con-inner\">\n\t\t\t\t<div class=\"elementor-element elementor-element-de6022b elementor-widget elementor-widget-heading\" data-id=\"de6022b\" data-element_type=\"widget\" data-widget_type=\"heading.default\">\n\t\t\t\t\t<h1 class=\"elementor-heading-title elementor-size-default\">Politiques KYC \/ AML<\/h1>\t\t\t\t<\/div>\n\t\t\t\t<div class=\"elementor-element elementor-element-37404ee elementor-widget elementor-widget-text-editor\" data-id=\"37404ee\" data-element_type=\"widget\" data-widget_type=\"text-editor.default\">\n\t\t\t\t\t\t\t\t\tLe groupe Global Whales s'engage \u00e0 respecter les normes de conformit\u00e9 les plus strictes en mati\u00e8re de lutte contre le blanchiment d'argent (AML) et de lutte contre le financement du terrorisme (CTF).\nblanchiment d'argent (AML) et de lutte contre le financement du terrorisme (CTF). L'objectif de la politique de l'entreprise est de r\u00e9duire activement les risques de blanchiment d'argent et de terrorisme.\nd'att\u00e9nuer activement les risques de blanchiment d'argent et de financement du terrorisme. Soutenir les efforts des gouvernements dans la lutte contre le financement du terrorisme et le blanchiment d'argent.\nPour soutenir les efforts gouvernementaux dans la lutte contre le financement du terrorisme et les activit\u00e9s de blanchiment d'argent, la loi exige de toutes les institutions financi\u00e8res qu'elles obtiennent, v\u00e9rifient et enregistrent les informations permettant d'identifier chaque individu,\nd'obtenir, de v\u00e9rifier et d'enregistrer des informations permettant d'identifier chaque personne qui ouvre un compte. Nous sommes l\u00e9galement tenus de signaler\ntoute activit\u00e9 d'un client jug\u00e9e suspecte et relevant du blanchiment d'argent. \t\t\t\t\t\t\t\t<\/div>\n\t\t\t\t<div class=\"elementor-element elementor-element-dca3837 elementor-widget elementor-widget-heading\" data-id=\"dca3837\" data-element_type=\"widget\" data-widget_type=\"heading.default\">\n\t\t\t\t\t<h2 class=\"elementor-heading-title elementor-size-default\">Blanchiment d'argent <\/h2>\t\t\t\t<\/div>\n\t\t\t\t<div class=\"elementor-element elementor-element-248d081 elementor-widget elementor-widget-text-editor\" data-id=\"248d081\" data-element_type=\"widget\" data-widget_type=\"text-editor.default\">\n\t\t\t\t\t\t\t\t\t<p>Le blanchiment d'argent est le processus de conversion de fonds obtenus par le biais d'activit\u00e9s ill\u00e9gales (par exemple, la fraude, la corruption),<br \/>terrorisme) dans des actifs apparemment l\u00e9gitimes afin de dissimuler leur v\u00e9ritable origine.<\/p><p>Ce processus se d\u00e9roule g\u00e9n\u00e9ralement en trois \u00e9tapes :<\/p><p>\u00a0<\/p><ul><li>Placement - les fonds illicites sont introduits dans le syst\u00e8me financier par le biais d'instruments tels que les ch\u00e8ques, les d\u00e9p\u00f4ts bancaires ou l'achat de biens de grande valeur. Les fonds peuvent \u00eatre divis\u00e9s en d\u00e9p\u00f4ts plus petits (technique connue sous le nom de \"schtroumpfage\") afin d'\u00e9viter d'\u00eatre d\u00e9tect\u00e9s.<\/li><li>La superposition - les fonds sont transf\u00e9r\u00e9s entre diff\u00e9rents comptes ou convertis en diff\u00e9rents instruments afin de masquer leur origine et leur propri\u00e9t\u00e9.<\/li><li>Int\u00e9gration - les fonds blanchis sont r\u00e9introduits dans l'\u00e9conomie en tant que fonds l\u00e9gitimes et utilis\u00e9s pour acqu\u00e9rir des biens et des services.<\/li><\/ul>\t\t\t\t\t\t\t\t<\/div>\n\t\t\t\t<div class=\"elementor-element elementor-element-c1803b4 elementor-widget elementor-widget-heading\" data-id=\"c1803b4\" data-element_type=\"widget\" data-widget_type=\"heading.default\">\n\t\t\t\t\t<h2 class=\"elementor-heading-title elementor-size-default\">Engagement en mati\u00e8re de lutte contre le blanchiment d'argent<\/h2>\t\t\t\t<\/div>\n\t\t\t\t<div class=\"elementor-element elementor-element-683b256 elementor-widget elementor-widget-text-editor\" data-id=\"683b256\" data-element_type=\"widget\" data-widget_type=\"text-editor.default\">\n\t\t\t\t\t\t\t\t\tGlobal Whales Group s'engage pleinement \u00e0 emp\u00eacher toute action facilitant le blanchiment de fonds obtenus ill\u00e9galement.\nill\u00e9galement obtenus. Cela inclut la pr\u00e9vention de l'utilisation de ses services \u00e0 des fins de blanchiment d'argent, de financement du terrorisme ou de toute autre conduite criminelle.\nterrorisme ou d'autres comportements criminels. \u00c0 cette fin, la soci\u00e9t\u00e9 n'accepte ni n'effectue aucun paiement en esp\u00e8ces, quelles que soient les circonstances.\nen aucune circonstance. Nous nous r\u00e9servons le droit de suspendre les op\u00e9rations de tout client soup\u00e7onn\u00e9 de se livrer \u00e0 des activit\u00e9s ill\u00e9gales ou au blanchiment d'argent.\nill\u00e9gales ou de blanchiment d'argent. \t\t\t\t\t\t\t\t<\/div>\n\t\t\t\t<div class=\"elementor-element elementor-element-80f03c1 elementor-widget elementor-widget-heading\" data-id=\"80f03c1\" data-element_type=\"widget\" data-widget_type=\"heading.default\">\n\t\t\t\t\t<h2 class=\"elementor-heading-title elementor-size-default\">Proc\u00e9dures de l'entreprise<\/h2>\t\t\t\t<\/div>\n\t\t\t\t<div class=\"elementor-element elementor-element-9338561 elementor-widget elementor-widget-text-editor\" data-id=\"9338561\" data-element_type=\"widget\" data-widget_type=\"text-editor.default\">\n\t\t\t\t\t\t\t\t\t<p>Le groupe Global Whales v\u00e9rifie l'identit\u00e9 et le statut juridique de tous ses clients. Nous suivons toutes les mesures requises en vertu de la loi sur la protection des donn\u00e9es.<br \/>les lois et r\u00e9glementations applicables \u00e9mises par les autorit\u00e9s financi\u00e8res comp\u00e9tentes. Nos mesures de conformit\u00e9 en mati\u00e8re de lutte contre le blanchiment d'argent au sein de<br \/>nos op\u00e9rations de change comprennent<\/p><p>\u00a0<\/p><ul><li>Politique de connaissance du client (KYC) et diligence raisonnable<\/li><li>Suivi permanent de l'activit\u00e9 des clients<\/li><li>Tenue de registres et documentation<\/li><\/ul>\t\t\t\t\t\t\t\t<\/div>\n\t\t\t\t<div class=\"elementor-element elementor-element-5f6d169 elementor-widget elementor-widget-heading\" data-id=\"5f6d169\" data-element_type=\"widget\" data-widget_type=\"heading.default\">\n\t\t\t\t\t<h2 class=\"elementor-heading-title elementor-size-default\">Conna\u00eetre son client<\/h2>\t\t\t\t<\/div>\n\t\t\t\t<div class=\"elementor-element elementor-element-465463c elementor-widget elementor-widget-text-editor\" data-id=\"465463c\" data-element_type=\"widget\" data-widget_type=\"text-editor.default\">\n\t\t\t\t\t\t\t\t\tConform\u00e9ment \u00e0 notre engagement en mati\u00e8re de lutte contre le blanchiment d'argent et de connaissance du client, tous les clients doivent se soumettre \u00e0 une proc\u00e9dure de v\u00e9rification. Avant\nAvant d'entamer toute relation d'affaires, la soci\u00e9t\u00e9 s'assure que des preuves satisfaisantes sont fournies pour v\u00e9rifier l'identit\u00e9 du client ou de la contrepartie.\ndu client ou de la contrepartie. Une diligence accrue est appliqu\u00e9e aux clients r\u00e9sidant dans des juridictions \u00e0 haut risque ou dans des pays identifi\u00e9s comme n'ayant pas de normes ad\u00e9quates en mati\u00e8re de lutte contre le blanchiment d'argent.\npays identifi\u00e9s comme ne disposant pas de normes ad\u00e9quates en mati\u00e8re de lutte contre le blanchiment d'argent, ainsi qu'aux b\u00e9n\u00e9ficiaires effectifs dont les fonds proviennent de ces pays.\nproviennent de ces pays. \t\t\t\t\t\t\t\t<\/div>\n\t\t\t\t<div class=\"elementor-element elementor-element-c564999 elementor-widget elementor-widget-heading\" data-id=\"c564999\" data-element_type=\"widget\" data-widget_type=\"heading.default\">\n\t\t\t\t\t<h2 class=\"elementor-heading-title elementor-size-default\">Clients individuels<\/h2>\t\t\t\t<\/div>\n\t\t\t\t<div class=\"elementor-element elementor-element-37b375f elementor-widget elementor-widget-text-editor\" data-id=\"37b375f\" data-element_type=\"widget\" data-widget_type=\"text-editor.default\">\n\t\t\t\t\t\t\t\t\t<p>Lors de la proc\u00e9dure d'inscription, les clients doivent fournir les informations personnelles suivantes : nom complet, date de naissance,<br \/>le pays d'origine et l'adresse compl\u00e8te du domicile. Les documents suivants sont n\u00e9cessaires pour la v\u00e9rification :<\/p><p>\u00a0<\/p><ul><li>Passeport en cours de validit\u00e9 (avec photo et signature visibles) ; ou<\/li><li>Permis de conduire avec photographie ; ou<\/li><li>Carte d'identit\u00e9 nationale (recto et verso) ;<\/li><li>Preuve de l'adresse permanente actuelle (par exemple, factures de services publics, relev\u00e9s bancaires) ne datant pas de plus de trois mois.<\/li><\/ul><p><br \/>Si les documents sont r\u00e9dig\u00e9s en caract\u00e8res non latins, une traduction anglaise notari\u00e9e doit \u00eatre fournie.<\/p>\t\t\t\t\t\t\t\t<\/div>\n\t\t\t\t<div class=\"elementor-element elementor-element-8b812aa elementor-widget elementor-widget-heading\" data-id=\"8b812aa\" data-element_type=\"widget\" data-widget_type=\"heading.default\">\n\t\t\t\t\t<h2 class=\"elementor-heading-title elementor-size-default\">Entreprises clientes<\/h2>\t\t\t\t<\/div>\n\t\t\t\t<div class=\"elementor-element elementor-element-9cce912 elementor-widget elementor-widget-text-editor\" data-id=\"9cce912\" data-element_type=\"widget\" data-widget_type=\"text-editor.default\">\n\t\t\t\t\t\t\t\t\t<p>Si l'entreprise candidate est cot\u00e9e sur une bourse de valeurs reconnue ou approuv\u00e9e, ou si elle est une entreprise d\u00e9tenue ou contr\u00f4l\u00e9e \u00e0 100 % par l'\u00c9tat membre d'accueil.<br \/>il se peut qu'aucune autre v\u00e9rification d'identit\u00e9 ne soit n\u00e9cessaire. Dans le cas contraire, les documents suivants doivent \u00eatre<br \/>soumis :<\/p><p>\u00a0<\/p><ul><li>Certificat de constitution ou \u00e9quivalent<\/li><li>M\u00e9morandum et statuts de l'association<\/li><li>Certificat de bonne r\u00e9putation ou preuve d'une adresse enregistr\u00e9e<\/li><li>R\u00e9solution du conseil d'administration autorisant l'ouverture d'un compte et les signataires<\/li><li>Procurations ou autorisations<\/li><li>Preuve d'identit\u00e9 pour les directeurs en contact avec l'entreprise<\/li><li>V\u00e9rification de l'identit\u00e9 des b\u00e9n\u00e9ficiaires effectifs ultimes et de toute partie contr\u00f4lante<\/li><\/ul>\t\t\t\t\t\t\t\t<\/div>\n\t\t\t\t<div class=\"elementor-element elementor-element-331dfb3 elementor-widget elementor-widget-heading\" data-id=\"331dfb3\" data-element_type=\"widget\" data-widget_type=\"heading.default\">\n\t\t\t\t\t<h2 class=\"elementor-heading-title elementor-size-default\">Suivi de l'activit\u00e9 des clients<\/h2>\t\t\t\t<\/div>\n\t\t\t\t<div class=\"elementor-element elementor-element-8f0c46d elementor-widget elementor-widget-text-editor\" data-id=\"8f0c46d\" data-element_type=\"widget\" data-widget_type=\"text-editor.default\">\n\t\t\t\t\t\t\t\t\tOutre la collecte d'informations, l'entreprise surveille activement les transactions des clients afin de d\u00e9tecter toute activit\u00e9 suspecte.\nsuspectes. Une transaction suspecte est une activit\u00e9 qui ne correspond pas au profil commercial connu du client ou \u00e0 l'historique de ses transactions.\nl'historique des transactions. Nos syst\u00e8mes de surveillance comprennent \u00e0 la fois des processus automatis\u00e9s et manuels afin d'emp\u00eacher l'utilisation abusive des services par des criminels.\nservices par des criminels. \t\t\t\t\t\t\t\t<\/div>\n\t\t\t\t<div class=\"elementor-element elementor-element-0c82902 elementor-widget elementor-widget-heading\" data-id=\"0c82902\" data-element_type=\"widget\" data-widget_type=\"heading.default\">\n\t\t\t\t\t<h2 class=\"elementor-heading-title elementor-size-default\">Tenue de registres<\/h2>\t\t\t\t<\/div>\n\t\t\t\t<div class=\"elementor-element elementor-element-4abc925 elementor-widget elementor-widget-text-editor\" data-id=\"4abc925\" data-element_type=\"widget\" data-widget_type=\"text-editor.default\">\n\t\t\t\t\t\t\t\t\tLa soci\u00e9t\u00e9 conserve tous les documents relatifs \u00e0 l'identit\u00e9 des clients, aux transactions et \u00e0 la documentation AML (par exemple, les rapports d'activit\u00e9 suspecte, les journaux de surveillance) pendant au moins 7 ans apr\u00e8s la fermeture du compte,\nrapports d'activit\u00e9s suspectes, journaux de surveillance) pendant au moins 7 ans apr\u00e8s la cl\u00f4ture du compte.\t\t\t\t\t\t\t\t<\/div>\n\t\t\t\t<div class=\"elementor-element elementor-element-be1aa14 elementor-widget elementor-widget-heading\" data-id=\"be1aa14\" data-element_type=\"widget\" data-widget_type=\"heading.default\">\n\t\t\t\t\t<h2 class=\"elementor-heading-title elementor-size-default\">Mesures prises<\/h2>\t\t\t\t<\/div>\n\t\t\t\t<div class=\"elementor-element elementor-element-f144574 elementor-widget elementor-widget-text-editor\" data-id=\"f144574\" data-element_type=\"widget\" data-widget_type=\"text-editor.default\">\n\t\t\t\t\t\t\t\t\t<p>Si l'entreprise soup\u00e7onne qu'une transaction est li\u00e9e au blanchiment d'argent ou \u00e0 une autre activit\u00e9 ill\u00e9gale, elle agira de la mani\u00e8re suivante<br \/>conform\u00e9ment aux lois applicables et signaler ces activit\u00e9s aux autorit\u00e9s comp\u00e9tentes. Nous nous r\u00e9servons le droit de<br \/>suspendre ou mettre fin \u00e0 toute relation avec un client, \u00e0 notre enti\u00e8re discr\u00e9tion, s'il existe des motifs de suspicion.<\/p><p><br \/>Pour de plus amples informations, veuillez nous contacter \u00e0 l'adresse suivante : support@whalescapitalfunding.com.<\/p>\t\t\t\t\t\t\t\t<\/div>\n\t\t\t\t\t<\/div>\n\t\t\t\t<\/div>\n\t\t\t\t<\/div>","protected":false},"excerpt":{"rendered":"<p>Politiques KYC \/ AML Global Whales Group s'engage \u00e0 respecter les normes de conformit\u00e9 les plus strictes en mati\u00e8re de lutte contre le blanchiment d'argent (AML) et le financement du terrorisme (CTF). L'objectif de la politique de l'entreprise est d'att\u00e9nuer activement les risques de blanchiment d'argent et de financement du terrorisme. Soutenir les efforts des gouvernements dans la lutte contre le financement du terrorisme et [...]<\/p>","protected":false},"author":1,"featured_media":0,"parent":0,"menu_order":0,"comment_status":"closed","ping_status":"closed","template":"","meta":{"footnotes":""},"class_list":["post-2066","page","type-page","status-publish","hentry"],"yoast_head":"<!-- This site is optimized with the Yoast SEO plugin v27.3 - https:\/\/yoast.com\/product\/yoast-seo-wordpress\/ -->\n<title>Whales Capital Funding - KYC \/ AML Policies<\/title>\n<meta name=\"description\" content=\"Learn how Whales Capital ensures trader security and compliance through strict KYC and AML policies. Transparency and trust are at the core of our platform.\" \/>\n<meta name=\"robots\" content=\"index, follow, max-snippet:-1, max-image-preview:large, max-video-preview:-1\" \/>\n<link rel=\"canonical\" href=\"https:\/\/whalescapitalfunding.com\/fr\/politiques-de-laml-du-kyc\/\" \/>\n<meta property=\"og:locale\" content=\"fr_FR\" \/>\n<meta property=\"og:type\" content=\"article\" \/>\n<meta property=\"og:title\" content=\"Whales Capital Funding - KYC \/ AML Policies\" \/>\n<meta property=\"og:description\" content=\"Learn how Whales Capital ensures trader security and compliance through strict KYC and AML policies. Transparency and trust are at the core of our platform.\" \/>\n<meta property=\"og:url\" content=\"https:\/\/whalescapitalfunding.com\/fr\/politiques-de-laml-du-kyc\/\" \/>\n<meta property=\"og:site_name\" content=\"Whales Capital Funding\" \/>\n<meta property=\"article:modified_time\" content=\"2025-08-25T10:12:59+00:00\" \/>\n<meta property=\"og:image\" content=\"https:\/\/whalescapitalfunding.com\/wp-content\/uploads\/2025\/08\/Logo-vertical-1.png\" \/>\n\t<meta property=\"og:image:width\" content=\"1026\" \/>\n\t<meta property=\"og:image:height\" content=\"734\" \/>\n\t<meta property=\"og:image:type\" content=\"image\/png\" \/>\n<meta name=\"twitter:card\" content=\"summary_large_image\" \/>\n<meta name=\"twitter:label1\" content=\"Dur\u00e9e de lecture estim\u00e9e\" \/>\n\t<meta name=\"twitter:data1\" content=\"4 minutes\" \/>\n<script type=\"application\/ld+json\" class=\"yoast-schema-graph\">{\"@context\":\"https:\\\/\\\/schema.org\",\"@graph\":[{\"@type\":\"WebPage\",\"@id\":\"https:\\\/\\\/whalescapitalfunding.com\\\/kyc-aml-policies\\\/\",\"url\":\"https:\\\/\\\/whalescapitalfunding.com\\\/kyc-aml-policies\\\/\",\"name\":\"Whales Capital Funding - KYC \\\/ AML Policies\",\"isPartOf\":{\"@id\":\"https:\\\/\\\/whalescapitalfunding.com\\\/#website\"},\"datePublished\":\"2025-05-30T19:41:10+00:00\",\"dateModified\":\"2025-08-25T10:12:59+00:00\",\"description\":\"Learn how Whales Capital ensures trader security and compliance through strict KYC and AML policies. Transparency and trust are at the core of our platform.\",\"breadcrumb\":{\"@id\":\"https:\\\/\\\/whalescapitalfunding.com\\\/kyc-aml-policies\\\/#breadcrumb\"},\"inLanguage\":\"fr-FR\",\"potentialAction\":[{\"@type\":\"ReadAction\",\"target\":[\"https:\\\/\\\/whalescapitalfunding.com\\\/kyc-aml-policies\\\/\"]}]},{\"@type\":\"BreadcrumbList\",\"@id\":\"https:\\\/\\\/whalescapitalfunding.com\\\/kyc-aml-policies\\\/#breadcrumb\",\"itemListElement\":[{\"@type\":\"ListItem\",\"position\":1,\"name\":\"Home\",\"item\":\"https:\\\/\\\/whalescapitalfunding.com\\\/\"},{\"@type\":\"ListItem\",\"position\":2,\"name\":\"KYC \\\/ AML Policies\"}]},{\"@type\":\"WebSite\",\"@id\":\"https:\\\/\\\/whalescapitalfunding.com\\\/#website\",\"url\":\"https:\\\/\\\/whalescapitalfunding.com\\\/\",\"name\":\"Whales Capital Funding\",\"description\":\"\",\"publisher\":{\"@id\":\"https:\\\/\\\/whalescapitalfunding.com\\\/#organization\"},\"potentialAction\":[{\"@type\":\"SearchAction\",\"target\":{\"@type\":\"EntryPoint\",\"urlTemplate\":\"https:\\\/\\\/whalescapitalfunding.com\\\/?s={search_term_string}\"},\"query-input\":{\"@type\":\"PropertyValueSpecification\",\"valueRequired\":true,\"valueName\":\"search_term_string\"}}],\"inLanguage\":\"fr-FR\"},{\"@type\":\"Organization\",\"@id\":\"https:\\\/\\\/whalescapitalfunding.com\\\/#organization\",\"name\":\"Whales Capital Funding\",\"url\":\"https:\\\/\\\/whalescapitalfunding.com\\\/\",\"logo\":{\"@type\":\"ImageObject\",\"inLanguage\":\"fr-FR\",\"@id\":\"https:\\\/\\\/whalescapitalfunding.com\\\/#\\\/schema\\\/logo\\\/image\\\/\",\"url\":\"https:\\\/\\\/whalescapitalfunding.com\\\/wp-content\\\/uploads\\\/2025\\\/05\\\/Group-1000002606.svg\",\"contentUrl\":\"https:\\\/\\\/whalescapitalfunding.com\\\/wp-content\\\/uploads\\\/2025\\\/05\\\/Group-1000002606.svg\",\"width\":192,\"height\":49,\"caption\":\"Whales Capital Funding\"},\"image\":{\"@id\":\"https:\\\/\\\/whalescapitalfunding.com\\\/#\\\/schema\\\/logo\\\/image\\\/\"}}]}<\/script>\n<!-- \/ Yoast SEO plugin. -->","yoast_head_json":{"title":"Whales Capital Funding - Politiques KYC \/ AML","description":"D\u00e9couvrez comment Whales Capital assure la s\u00e9curit\u00e9 et la conformit\u00e9 des traders gr\u00e2ce \u00e0 des politiques strictes en mati\u00e8re de KYC et d'AML. La transparence et la confiance sont au c\u0153ur de notre plateforme.","robots":{"index":"index","follow":"follow","max-snippet":"max-snippet:-1","max-image-preview":"max-image-preview:large","max-video-preview":"max-video-preview:-1"},"canonical":"https:\/\/whalescapitalfunding.com\/fr\/politiques-de-laml-du-kyc\/","og_locale":"fr_FR","og_type":"article","og_title":"Whales Capital Funding - KYC \/ AML Policies","og_description":"Learn how Whales Capital ensures trader security and compliance through strict KYC and AML policies. Transparency and trust are at the core of our platform.","og_url":"https:\/\/whalescapitalfunding.com\/fr\/politiques-de-laml-du-kyc\/","og_site_name":"Whales Capital Funding","article_modified_time":"2025-08-25T10:12:59+00:00","og_image":[{"width":1026,"height":734,"url":"https:\/\/whalescapitalfunding.com\/wp-content\/uploads\/2025\/08\/Logo-vertical-1.png","type":"image\/png"}],"twitter_card":"summary_large_image","twitter_misc":{"Dur\u00e9e de lecture estim\u00e9e":"4 minutes"},"schema":{"@context":"https:\/\/schema.org","@graph":[{"@type":"WebPage","@id":"https:\/\/whalescapitalfunding.com\/kyc-aml-policies\/","url":"https:\/\/whalescapitalfunding.com\/kyc-aml-policies\/","name":"Whales Capital Funding - Politiques KYC \/ AML","isPartOf":{"@id":"https:\/\/whalescapitalfunding.com\/#website"},"datePublished":"2025-05-30T19:41:10+00:00","dateModified":"2025-08-25T10:12:59+00:00","description":"D\u00e9couvrez comment Whales Capital assure la s\u00e9curit\u00e9 et la conformit\u00e9 des traders gr\u00e2ce \u00e0 des politiques strictes en mati\u00e8re de KYC et d'AML. La transparence et la confiance sont au c\u0153ur de notre plateforme.","breadcrumb":{"@id":"https:\/\/whalescapitalfunding.com\/kyc-aml-policies\/#breadcrumb"},"inLanguage":"fr-FR","potentialAction":[{"@type":"ReadAction","target":["https:\/\/whalescapitalfunding.com\/kyc-aml-policies\/"]}]},{"@type":"BreadcrumbList","@id":"https:\/\/whalescapitalfunding.com\/kyc-aml-policies\/#breadcrumb","itemListElement":[{"@type":"ListItem","position":1,"name":"Home","item":"https:\/\/whalescapitalfunding.com\/"},{"@type":"ListItem","position":2,"name":"KYC \/ AML Policies"}]},{"@type":"WebSite","@id":"https:\/\/whalescapitalfunding.com\/#website","url":"https:\/\/whalescapitalfunding.com\/","name":"Whales Capital Funding","description":"","publisher":{"@id":"https:\/\/whalescapitalfunding.com\/#organization"},"potentialAction":[{"@type":"SearchAction","target":{"@type":"EntryPoint","urlTemplate":"https:\/\/whalescapitalfunding.com\/?s={search_term_string}"},"query-input":{"@type":"PropertyValueSpecification","valueRequired":true,"valueName":"search_term_string"}}],"inLanguage":"fr-FR"},{"@type":"Organization","@id":"https:\/\/whalescapitalfunding.com\/#organization","name":"Whales Capital Funding","url":"https:\/\/whalescapitalfunding.com\/","logo":{"@type":"ImageObject","inLanguage":"fr-FR","@id":"https:\/\/whalescapitalfunding.com\/#\/schema\/logo\/image\/","url":"https:\/\/whalescapitalfunding.com\/wp-content\/uploads\/2025\/05\/Group-1000002606.svg","contentUrl":"https:\/\/whalescapitalfunding.com\/wp-content\/uploads\/2025\/05\/Group-1000002606.svg","width":192,"height":49,"caption":"Whales Capital Funding"},"image":{"@id":"https:\/\/whalescapitalfunding.com\/#\/schema\/logo\/image\/"}}]}},"_links":{"self":[{"href":"https:\/\/whalescapitalfunding.com\/fr\/wp-json\/wp\/v2\/pages\/2066","targetHints":{"allow":["GET"]}}],"collection":[{"href":"https:\/\/whalescapitalfunding.com\/fr\/wp-json\/wp\/v2\/pages"}],"about":[{"href":"https:\/\/whalescapitalfunding.com\/fr\/wp-json\/wp\/v2\/types\/page"}],"author":[{"embeddable":true,"href":"https:\/\/whalescapitalfunding.com\/fr\/wp-json\/wp\/v2\/users\/1"}],"replies":[{"embeddable":true,"href":"https:\/\/whalescapitalfunding.com\/fr\/wp-json\/wp\/v2\/comments?post=2066"}],"version-history":[{"count":0,"href":"https:\/\/whalescapitalfunding.com\/fr\/wp-json\/wp\/v2\/pages\/2066\/revisions"}],"wp:attachment":[{"href":"https:\/\/whalescapitalfunding.com\/fr\/wp-json\/wp\/v2\/media?parent=2066"}],"curies":[{"name":"wp","href":"https:\/\/api.w.org\/{rel}","templated":true}]}}