{"id":2095,"date":"2025-05-30T20:17:21","date_gmt":"2025-05-30T20:17:21","guid":{"rendered":"https:\/\/whalescapitalfunding.com\/?page_id=2095"},"modified":"2025-08-25T10:13:22","modified_gmt":"2025-08-25T10:13:22","slug":"politique-de-confidentialite","status":"publish","type":"page","link":"https:\/\/whalescapitalfunding.com\/fr\/politique-de-confidentialite\/","title":{"rendered":"Politique de confidentialit\u00e9"},"content":{"rendered":"<div data-elementor-type=\"wp-page\" data-elementor-id=\"2095\" class=\"elementor elementor-2095\" data-elementor-post-type=\"page\">\n\t\t\t\t<div class=\"elementor-element elementor-element-fe3522e e-flex e-con-boxed e-con e-parent\" data-id=\"fe3522e\" data-element_type=\"container\" data-settings=\"{&quot;jet_parallax_layout_list&quot;:[]}\">\n\t\t\t\t\t<div class=\"e-con-inner\">\n\t\t\t\t<div class=\"elementor-element elementor-element-de6022b elementor-widget elementor-widget-heading\" data-id=\"de6022b\" data-element_type=\"widget\" data-widget_type=\"heading.default\">\n\t\t\t\t\t<h1 class=\"elementor-heading-title elementor-size-default\">Politique de confidentialit\u00e9 <\/h1>\t\t\t\t<\/div>\n\t\t\t\t<div class=\"elementor-element elementor-element-dca3837 elementor-widget elementor-widget-heading\" data-id=\"dca3837\" data-element_type=\"widget\" data-widget_type=\"heading.default\">\n\t\t\t\t\t<h2 class=\"elementor-heading-title elementor-size-default\">1. Introduction<\/h2>\t\t\t\t<\/div>\n\t\t\t\t<div class=\"elementor-element elementor-element-248d081 elementor-widget elementor-widget-text-editor\" data-id=\"248d081\" data-element_type=\"widget\" data-widget_type=\"text-editor.default\">\n\t\t\t\t\t\t\t\t\t<p>1.1 Global Whales Group (ci-apr\u00e8s d\u00e9nomm\u00e9 \"la soci\u00e9t\u00e9\", \"nous\", \"notre\" ou \"nos\") est une soci\u00e9t\u00e9 constitu\u00e9e en vertu des lois des \u00c9mirats arabes unis.<\/p><p><br \/>Nous reconnaissons l'importance de prot\u00e9ger votre vie priv\u00e9e et de maintenir la confidentialit\u00e9 de vos donn\u00e9es personnelles.<\/p><p><br \/>La pr\u00e9sente politique de confidentialit\u00e9 (ci-apr\u00e8s la \"politique\") d\u00e9crit les objectifs et les m\u00e9thodes selon lesquels nous collectons, utilisons, stockons et prot\u00e9geons vos donn\u00e9es \u00e0 caract\u00e8re personnel conform\u00e9ment \u00e0 la loi f\u00e9d\u00e9rale n\u00b0 45 de 2021 sur la protection des donn\u00e9es \u00e0 caract\u00e8re personnel (la \"loi\"), ainsi qu'\u00e0 toute autre l\u00e9gislation locale applicable.<\/p>\t\t\t\t\t\t\t\t<\/div>\n\t\t\t\t<div class=\"elementor-element elementor-element-c1803b4 elementor-widget elementor-widget-heading\" data-id=\"c1803b4\" data-element_type=\"widget\" data-widget_type=\"heading.default\">\n\t\t\t\t\t<h2 class=\"elementor-heading-title elementor-size-default\">2. Champ d'application<\/h2>\t\t\t\t<\/div>\n\t\t\t\t<div class=\"elementor-element elementor-element-683b256 elementor-widget elementor-widget-text-editor\" data-id=\"683b256\" data-element_type=\"widget\" data-widget_type=\"text-editor.default\">\n\t\t\t\t\t\t\t\t\t<p>2.1 La pr\u00e9sente politique s'applique \u00e0 toute personne physique qui interagit avec nos plateformes, services en ligne et applications mobiles.<\/p><p><br \/>2.2 Elle r\u00e9git la mani\u00e8re dont nous traitons vos donn\u00e9es personnelles dans les \u00c9mirats arabes unis ou \u00e0 l'\u00e9tranger, y compris les donn\u00e9es trait\u00e9es dans des zones r\u00e9glement\u00e9es telles que le DIFC ou l'ADGM, \u00e0 condition que les lois locales sur la protection des donn\u00e9es soient \u00e9galement respect\u00e9es.<\/p>\t\t\t\t\t\t\t\t<\/div>\n\t\t\t\t<div class=\"elementor-element elementor-element-80f03c1 elementor-widget elementor-widget-heading\" data-id=\"80f03c1\" data-element_type=\"widget\" data-widget_type=\"heading.default\">\n\t\t\t\t\t<h2 class=\"elementor-heading-title elementor-size-default\">3. Donn\u00e9es personnelles que nous collectons<\/h2>\t\t\t\t<\/div>\n\t\t\t\t<div class=\"elementor-element elementor-element-9338561 elementor-widget elementor-widget-text-editor\" data-id=\"9338561\" data-element_type=\"widget\" data-widget_type=\"text-editor.default\">\n\t\t\t\t\t\t\t\t\t<p>3.1 \"Donn\u00e9es \u00e0 caract\u00e8re personnel\" : toute information relative \u00e0 une personne identifi\u00e9e ou identifiable. Cela inclut, mais n'est pas limit\u00e9 \u00e0 :<\/p><p>\u00a0<\/p><ul><li>Donn\u00e9es d'identit\u00e9 : nom complet, nationalit\u00e9, sexe, date et lieu de naissance, pi\u00e8ce d'identit\u00e9 d\u00e9livr\u00e9e par le gouvernement.<\/li><li>Donn\u00e9es de contact : adresse \u00e9lectronique, num\u00e9ro de t\u00e9l\u00e9phone, adresse physique<\/li><li>Donn\u00e9es financi\u00e8res : IBAN, carte de paiement, porte-monnaie \u00e9lectronique, pays de r\u00e9sidence fiscale<\/li><li>Donn\u00e9es techniques : Adresse IP, type d'appareil, donn\u00e9es de navigation<\/li><li>Donn\u00e9es de profil : identifiants de connexion, pr\u00e9f\u00e9rences, historique des achats, participation \u00e0 des campagnes.<\/li><\/ul>\t\t\t\t\t\t\t\t<\/div>\n\t\t\t\t<div class=\"elementor-element elementor-element-5f6d169 elementor-widget elementor-widget-heading\" data-id=\"5f6d169\" data-element_type=\"widget\" data-widget_type=\"heading.default\">\n\t\t\t\t\t<h2 class=\"elementor-heading-title elementor-size-default\">4. Finalit\u00e9 du traitement<\/h2>\t\t\t\t<\/div>\n\t\t\t\t<div class=\"elementor-element elementor-element-465463c elementor-widget elementor-widget-text-editor\" data-id=\"465463c\" data-element_type=\"widget\" data-widget_type=\"text-editor.default\">\n\t\t\t\t\t\t\t\t\t<p>Nous traitons vos donn\u00e9es personnelles aux fins suivantes :<\/p><p>\u00a0<\/p><ul><li>Pour cr\u00e9er et g\u00e9rer votre compte<\/li><li>Pour remplir nos obligations contractuelles<\/li><li>Am\u00e9liorer nos services et notre exp\u00e9rience utilisateur<\/li><li>Pour r\u00e9pondre \u00e0 vos demandes de renseignements ou \u00e0 vos requ\u00eates<\/li><li>Respecter les obligations l\u00e9gales<\/li><li>Pour vous envoyer des communications promotionnelles (avec votre consentement ou sur la base d'informations l\u00e9gitimes).<br \/>int\u00e9r\u00eat)<\/li><\/ul>\t\t\t\t\t\t\t\t<\/div>\n\t\t\t\t<div class=\"elementor-element elementor-element-c564999 elementor-widget elementor-widget-heading\" data-id=\"c564999\" data-element_type=\"widget\" data-widget_type=\"heading.default\">\n\t\t\t\t\t<h2 class=\"elementor-heading-title elementor-size-default\">5. Bases juridiques du traitement<\/h2>\t\t\t\t<\/div>\n\t\t\t\t<div class=\"elementor-element elementor-element-37b375f elementor-widget elementor-widget-text-editor\" data-id=\"37b375f\" data-element_type=\"widget\" data-widget_type=\"text-editor.default\">\n\t\t\t\t\t\t\t\t\t<p>Conform\u00e9ment \u00e0 la loi f\u00e9d\u00e9rale des \u00c9mirats arabes unis n\u00b0 45\/2021, le traitement est bas\u00e9 sur :<\/p><p>\u00a0<\/p><ul><li>Votre consentement clair et explicite<\/li><li>L'ex\u00e9cution d'un contrat<\/li><li>Obligations l\u00e9gales<\/li><li>Int\u00e9r\u00eat l\u00e9gitime (par exemple, s\u00e9curit\u00e9 de la plateforme, marketing interne, pr\u00e9vention de la fraude)<\/li><\/ul>\t\t\t\t\t\t\t\t<\/div>\n\t\t\t\t<div class=\"elementor-element elementor-element-8b812aa elementor-widget elementor-widget-heading\" data-id=\"8b812aa\" data-element_type=\"widget\" data-widget_type=\"heading.default\">\n\t\t\t\t\t<h2 class=\"elementor-heading-title elementor-size-default\">6. Stockage des donn\u00e9es et transferts internationaux<\/h2>\t\t\t\t<\/div>\n\t\t\t\t<div class=\"elementor-element elementor-element-9cce912 elementor-widget elementor-widget-text-editor\" data-id=\"9cce912\" data-element_type=\"widget\" data-widget_type=\"text-editor.default\">\n\t\t\t\t\t\t\t\t\t<p>6.1 Vos donn\u00e9es personnelles peuvent \u00eatre stock\u00e9es sur des serveurs s\u00e9curis\u00e9s, localement ou \u00e0 l'\u00e9tranger, sous r\u00e9serve de garanties appropri\u00e9es conform\u00e9ment \u00e0 la loi.<\/p><p><br \/>6.2 Dans le cas des transferts internationaux, nous veillons \u00e0 ce que les normes reconnues (par exemple, clauses contractuelles types, certifications) soient respect\u00e9es.<\/p><p><br \/>6.3 Les donn\u00e9es peuvent \u00eatre partag\u00e9es avec<\/p><p>\u00a0<\/p><ul><li>Fournisseurs techniques et d'h\u00e9bergement<\/li><li>Services de paiement<\/li><li>Autorit\u00e9s gouvernementales des EAU<\/li><li>Partenaires commerciaux li\u00e9s par contrat<\/li><\/ul>\t\t\t\t\t\t\t\t<\/div>\n\t\t\t\t<div class=\"elementor-element elementor-element-331dfb3 elementor-widget elementor-widget-heading\" data-id=\"331dfb3\" data-element_type=\"widget\" data-widget_type=\"heading.default\">\n\t\t\t\t\t<h2 class=\"elementor-heading-title elementor-size-default\">7. Vos droits (en vertu de la loi n\u00b0 45\/2021) <\/h2>\t\t\t\t<\/div>\n\t\t\t\t<div class=\"elementor-element elementor-element-8f0c46d elementor-widget elementor-widget-text-editor\" data-id=\"8f0c46d\" data-element_type=\"widget\" data-widget_type=\"text-editor.default\">\n\t\t\t\t\t\t\t\t\t<p>Vous avez les droits suivants :<\/p><p>\u00a0<\/p><ul><li>Acc\u00e8s \u00e0 vos donn\u00e9es<\/li><li>Correction des donn\u00e9es inexactes<\/li><li>Effacement de vos donn\u00e9es (sous certaines conditions)<\/li><li>Objection \u00e0 certaines activit\u00e9s de traitement<\/li><li>Portabilit\u00e9 des donn\u00e9es vers un autre fournisseur<\/li><li>Retrait du consentement<\/li><li>D\u00e9poser une plainte aupr\u00e8s de l'UAE Data Office<\/li><\/ul>\t\t\t\t\t\t\t\t<\/div>\n\t\t\t\t<div class=\"elementor-element elementor-element-0c82902 elementor-widget elementor-widget-heading\" data-id=\"0c82902\" data-element_type=\"widget\" data-widget_type=\"heading.default\">\n\t\t\t\t\t<h2 class=\"elementor-heading-title elementor-size-default\">8. Conservation des donn\u00e9es<\/h2>\t\t\t\t<\/div>\n\t\t\t\t<div class=\"elementor-element elementor-element-4abc925 elementor-widget elementor-widget-text-editor\" data-id=\"4abc925\" data-element_type=\"widget\" data-widget_type=\"text-editor.default\">\n\t\t\t\t\t\t\t\t\t<p>Nous ne conservons vos donn\u00e9es qu'aussi longtemps que n\u00e9cessaire aux fins indiqu\u00e9es ou que l'exigent les obligations l\u00e9gales et r\u00e9glementaires (p. ex. droit fiscal, droit commercial).<\/p><p><br \/>\u00c0 l'expiration de la p\u00e9riode de conservation, les donn\u00e9es sont supprim\u00e9es ou rendues anonymes.<\/p>\t\t\t\t\t\t\t\t<\/div>\n\t\t\t\t<div class=\"elementor-element elementor-element-be1aa14 elementor-widget elementor-widget-heading\" data-id=\"be1aa14\" data-element_type=\"widget\" data-widget_type=\"heading.default\">\n\t\t\t\t\t<h2 class=\"elementor-heading-title elementor-size-default\">9. Cookies et technologies similaires<\/h2>\t\t\t\t<\/div>\n\t\t\t\t<div class=\"elementor-element elementor-element-f144574 elementor-widget elementor-widget-text-editor\" data-id=\"f144574\" data-element_type=\"widget\" data-widget_type=\"text-editor.default\">\n\t\t\t\t\t\t\t\t\t<p>Nous utilisons des cookies pour :<\/p><p>\u00a0<\/p><ul><li>Optimiser la fonctionnalit\u00e9 du site web<\/li><li>Personnalisez votre exp\u00e9rience<\/li><li>Suivre les interactions des utilisateurs<\/li><li>Analyser les performances du site web<\/li><\/ul><p><br \/>Vous pouvez refuser ou g\u00e9rer les cookies via les param\u00e8tres de votre navigateur.<\/p>\t\t\t\t\t\t\t\t<\/div>\n\t\t\t\t<div class=\"elementor-element elementor-element-b4dcfdb elementor-widget elementor-widget-heading\" data-id=\"b4dcfdb\" data-element_type=\"widget\" data-widget_type=\"heading.default\">\n\t\t\t\t\t<h2 class=\"elementor-heading-title elementor-size-default\">10. S\u00e9curit\u00e9 des donn\u00e9es<\/h2>\t\t\t\t<\/div>\n\t\t\t\t<div class=\"elementor-element elementor-element-7fbd70c elementor-widget elementor-widget-text-editor\" data-id=\"7fbd70c\" data-element_type=\"widget\" data-widget_type=\"text-editor.default\">\n\t\t\t\t\t\t\t\t\t<p>Nous mettons en \u0153uvre des mesures techniques et organisationnelles pour prot\u00e9ger vos donn\u00e9es contre l'acc\u00e8s non autoris\u00e9, la perte, l'alt\u00e9ration ou la divulgation, y compris :<\/p><p>\u00a0<\/p><ul><li>Cryptage des donn\u00e9es<\/li><li>Restriction d'acc\u00e8s bas\u00e9e sur le r\u00f4le<\/li><li>Journaux d'acc\u00e8s<\/li><li>Contr\u00f4le continu<\/li><\/ul>\t\t\t\t\t\t\t\t<\/div>\n\t\t\t\t<div class=\"elementor-element elementor-element-623850f elementor-widget elementor-widget-heading\" data-id=\"623850f\" data-element_type=\"widget\" data-widget_type=\"heading.default\">\n\t\t\t\t\t<h2 class=\"elementor-heading-title elementor-size-default\">11. Forums publics et tiers<\/h2>\t\t\t\t<\/div>\n\t\t\t\t<div class=\"elementor-element elementor-element-1e79fa4 elementor-widget elementor-widget-text-editor\" data-id=\"1e79fa4\" data-element_type=\"widget\" data-widget_type=\"text-editor.default\">\n\t\t\t\t\t\t\t\t\t<p>L'utilisation de forums ou de groupes publics (par exemple, Telegram, Discord) se fait \u00e0 vos risques et p\u00e9rils.<\/p><p><br \/>Toute information partag\u00e9e peut \u00eatre consult\u00e9e ou utilis\u00e9e par d'autres personnes.<\/p><p><br \/>Nous ne sommes pas responsables de l'utilisation de ces informations par des tiers.<\/p>\t\t\t\t\t\t\t\t<\/div>\n\t\t\t\t<div class=\"elementor-element elementor-element-9d29a7c elementor-widget elementor-widget-heading\" data-id=\"9d29a7c\" data-element_type=\"widget\" data-widget_type=\"heading.default\">\n\t\t\t\t\t<h2 class=\"elementor-heading-title elementor-size-default\">12. Sites web de tiers<\/h2>\t\t\t\t<\/div>\n\t\t\t\t<div class=\"elementor-element elementor-element-eb31360 elementor-widget elementor-widget-text-editor\" data-id=\"eb31360\" data-element_type=\"widget\" data-widget_type=\"text-editor.default\">\n\t\t\t\t\t\t\t\t\t<p>Notre site peut contenir des liens vers des sites web de tiers.<\/p><p><br \/>Nous ne sommes pas responsables de leurs pratiques en mati\u00e8re de protection de la vie priv\u00e9e ou de leur contenu.<\/p>\t\t\t\t\t\t\t\t<\/div>\n\t\t\t\t<div class=\"elementor-element elementor-element-0264218 elementor-widget elementor-widget-heading\" data-id=\"0264218\" data-element_type=\"widget\" data-widget_type=\"heading.default\">\n\t\t\t\t\t<h2 class=\"elementor-heading-title elementor-size-default\">13. Enregistrement des communications<\/h2>\t\t\t\t<\/div>\n\t\t\t\t<div class=\"elementor-element elementor-element-5778738 elementor-widget elementor-widget-text-editor\" data-id=\"5778738\" data-element_type=\"widget\" data-widget_type=\"text-editor.default\">\n\t\t\t\t\t\t\t\t\t<p>Nous pouvons enregistrer ou surveiller les appels t\u00e9l\u00e9phoniques, les messages ou les \u00e9changes \u00e9lectroniques afin de :<\/p><p>\u00a0<\/p><ul><li>Ex\u00e9cuter ou confirmer une transaction<\/li><li>Traitement des plaintes<\/li><li>Am\u00e9liorer la qualit\u00e9 du service<\/li><\/ul>\t\t\t\t\t\t\t\t<\/div>\n\t\t\t\t<div class=\"elementor-element elementor-element-126daf8 elementor-widget elementor-widget-heading\" data-id=\"126daf8\" data-element_type=\"widget\" data-widget_type=\"heading.default\">\n\t\t\t\t\t<h2 class=\"elementor-heading-title elementor-size-default\">14. Modifications de la pr\u00e9sente politique<\/h2>\t\t\t\t<\/div>\n\t\t\t\t<div class=\"elementor-element elementor-element-1f573ed elementor-widget elementor-widget-text-editor\" data-id=\"1f573ed\" data-element_type=\"widget\" data-widget_type=\"text-editor.default\">\n\t\t\t\t\t\t\t\t\t<p>Nous pouvons mettre \u00e0 jour cette politique de temps \u00e0 autre.<\/p><p><br \/>En cas de modification substantielle, nous vous en informerons par le biais de notre site web ou par courrier \u00e9lectronique.<\/p><p><br \/>La version la plus r\u00e9cente sera toujours disponible sur notre site web.<\/p>\t\t\t\t\t\t\t\t<\/div>\n\t\t\t\t<div class=\"elementor-element elementor-element-fa4edf4 elementor-widget elementor-widget-heading\" data-id=\"fa4edf4\" data-element_type=\"widget\" data-widget_type=\"heading.default\">\n\t\t\t\t\t<h2 class=\"elementor-heading-title elementor-size-default\">15. Contact<\/h2>\t\t\t\t<\/div>\n\t\t\t\t<div class=\"elementor-element elementor-element-79cb0eb elementor-widget elementor-widget-text-editor\" data-id=\"79cb0eb\" data-element_type=\"widget\" data-widget_type=\"text-editor.default\">\n\t\t\t\t\t\t\t\t\t<p>Pour toute question concernant vos donn\u00e9es personnelles ou pour exercer vos droits, veuillez contacter :<\/p><p>\u00a0<\/p><ul><li>support@whalescapitalfunding.com<\/li><li>SRTIP, Cit\u00e9 universitaire - Sharjah<\/li><li>+33 9 74 48 36 25<\/li><\/ul>\t\t\t\t\t\t\t\t<\/div>\n\t\t\t\t\t<\/div>\n\t\t\t\t<\/div>\n\t\t\t\t<\/div>","protected":false},"excerpt":{"rendered":"<p>Politique de confidentialit\u00e9 1. Introduction 1.1 Global Whales Group (ci-apr\u00e8s d\u00e9nomm\u00e9 la \"Soci\u00e9t\u00e9\", \"Nous\", \"Notre\" ou \"Nos\") est une soci\u00e9t\u00e9 constitu\u00e9e en vertu des lois des \u00c9mirats arabes unis. Nous reconnaissons l'importance de la protection de votre vie priv\u00e9e et du maintien de la confidentialit\u00e9 de vos donn\u00e9es personnelles. La pr\u00e9sente politique de confidentialit\u00e9 (ci-apr\u00e8s la \"politique\") d\u00e9crit les objectifs [...]<\/p>","protected":false},"author":1,"featured_media":0,"parent":0,"menu_order":0,"comment_status":"closed","ping_status":"closed","template":"","meta":{"footnotes":""},"class_list":["post-2095","page","type-page","status-publish","hentry"],"yoast_head":"<!-- This site is optimized with the Yoast SEO plugin v27.3 - https:\/\/yoast.com\/product\/yoast-seo-wordpress\/ -->\n<title>Whales Capital Funding - Privacy Policy<\/title>\n<meta name=\"description\" content=\"Learn how Whales Capital Funding collects, uses, and protects your personal data. We prioritize privacy, transparency, and compliance with data regulations.\" \/>\n<meta name=\"robots\" content=\"index, follow, max-snippet:-1, max-image-preview:large, max-video-preview:-1\" \/>\n<link rel=\"canonical\" href=\"https:\/\/whalescapitalfunding.com\/fr\/politique-de-confidentialite\/\" \/>\n<meta property=\"og:locale\" content=\"fr_FR\" \/>\n<meta property=\"og:type\" content=\"article\" \/>\n<meta property=\"og:title\" content=\"Whales Capital Funding - Privacy Policy\" \/>\n<meta property=\"og:description\" content=\"Learn how Whales Capital Funding collects, uses, and protects your personal data. We prioritize privacy, transparency, and compliance with data regulations.\" \/>\n<meta property=\"og:url\" content=\"https:\/\/whalescapitalfunding.com\/fr\/politique-de-confidentialite\/\" \/>\n<meta property=\"og:site_name\" content=\"Whales Capital Funding\" \/>\n<meta property=\"article:modified_time\" content=\"2025-08-25T10:13:22+00:00\" \/>\n<meta property=\"og:image\" content=\"https:\/\/whalescapitalfunding.com\/wp-content\/uploads\/2025\/08\/Logo-vertical-1.png\" \/>\n\t<meta property=\"og:image:width\" content=\"1026\" \/>\n\t<meta property=\"og:image:height\" content=\"734\" \/>\n\t<meta property=\"og:image:type\" content=\"image\/png\" \/>\n<meta name=\"twitter:card\" content=\"summary_large_image\" \/>\n<meta name=\"twitter:label1\" content=\"Dur\u00e9e de lecture estim\u00e9e\" \/>\n\t<meta name=\"twitter:data1\" content=\"4 minutes\" \/>\n<script type=\"application\/ld+json\" class=\"yoast-schema-graph\">{\"@context\":\"https:\\\/\\\/schema.org\",\"@graph\":[{\"@type\":\"WebPage\",\"@id\":\"https:\\\/\\\/whalescapitalfunding.com\\\/privacy-policy\\\/\",\"url\":\"https:\\\/\\\/whalescapitalfunding.com\\\/privacy-policy\\\/\",\"name\":\"Whales Capital Funding - Privacy Policy\",\"isPartOf\":{\"@id\":\"https:\\\/\\\/whalescapitalfunding.com\\\/#website\"},\"datePublished\":\"2025-05-30T20:17:21+00:00\",\"dateModified\":\"2025-08-25T10:13:22+00:00\",\"description\":\"Learn how Whales Capital Funding collects, uses, and protects your personal data. We prioritize privacy, transparency, and compliance with data regulations.\",\"breadcrumb\":{\"@id\":\"https:\\\/\\\/whalescapitalfunding.com\\\/privacy-policy\\\/#breadcrumb\"},\"inLanguage\":\"fr-FR\",\"potentialAction\":[{\"@type\":\"ReadAction\",\"target\":[\"https:\\\/\\\/whalescapitalfunding.com\\\/privacy-policy\\\/\"]}]},{\"@type\":\"BreadcrumbList\",\"@id\":\"https:\\\/\\\/whalescapitalfunding.com\\\/privacy-policy\\\/#breadcrumb\",\"itemListElement\":[{\"@type\":\"ListItem\",\"position\":1,\"name\":\"Home\",\"item\":\"https:\\\/\\\/whalescapitalfunding.com\\\/\"},{\"@type\":\"ListItem\",\"position\":2,\"name\":\"Privacy Policy\"}]},{\"@type\":\"WebSite\",\"@id\":\"https:\\\/\\\/whalescapitalfunding.com\\\/#website\",\"url\":\"https:\\\/\\\/whalescapitalfunding.com\\\/\",\"name\":\"Whales Capital Funding\",\"description\":\"\",\"publisher\":{\"@id\":\"https:\\\/\\\/whalescapitalfunding.com\\\/#organization\"},\"potentialAction\":[{\"@type\":\"SearchAction\",\"target\":{\"@type\":\"EntryPoint\",\"urlTemplate\":\"https:\\\/\\\/whalescapitalfunding.com\\\/?s={search_term_string}\"},\"query-input\":{\"@type\":\"PropertyValueSpecification\",\"valueRequired\":true,\"valueName\":\"search_term_string\"}}],\"inLanguage\":\"fr-FR\"},{\"@type\":\"Organization\",\"@id\":\"https:\\\/\\\/whalescapitalfunding.com\\\/#organization\",\"name\":\"Whales Capital Funding\",\"url\":\"https:\\\/\\\/whalescapitalfunding.com\\\/\",\"logo\":{\"@type\":\"ImageObject\",\"inLanguage\":\"fr-FR\",\"@id\":\"https:\\\/\\\/whalescapitalfunding.com\\\/#\\\/schema\\\/logo\\\/image\\\/\",\"url\":\"https:\\\/\\\/whalescapitalfunding.com\\\/wp-content\\\/uploads\\\/2025\\\/05\\\/Group-1000002606.svg\",\"contentUrl\":\"https:\\\/\\\/whalescapitalfunding.com\\\/wp-content\\\/uploads\\\/2025\\\/05\\\/Group-1000002606.svg\",\"width\":192,\"height\":49,\"caption\":\"Whales Capital Funding\"},\"image\":{\"@id\":\"https:\\\/\\\/whalescapitalfunding.com\\\/#\\\/schema\\\/logo\\\/image\\\/\"}}]}<\/script>\n<!-- \/ Yoast SEO plugin. -->","yoast_head_json":{"title":"Whales Capital Funding - Politique de confidentialit\u00e9","description":"D\u00e9couvrez comment Whales Capital Funding recueille, utilise et prot\u00e8ge vos donn\u00e9es personnelles. Nous accordons la priorit\u00e9 \u00e0 la confidentialit\u00e9, \u00e0 la transparence et au respect des r\u00e9glementations en mati\u00e8re de donn\u00e9es.","robots":{"index":"index","follow":"follow","max-snippet":"max-snippet:-1","max-image-preview":"max-image-preview:large","max-video-preview":"max-video-preview:-1"},"canonical":"https:\/\/whalescapitalfunding.com\/fr\/politique-de-confidentialite\/","og_locale":"fr_FR","og_type":"article","og_title":"Whales Capital Funding - Privacy Policy","og_description":"Learn how Whales Capital Funding collects, uses, and protects your personal data. We prioritize privacy, transparency, and compliance with data regulations.","og_url":"https:\/\/whalescapitalfunding.com\/fr\/politique-de-confidentialite\/","og_site_name":"Whales Capital Funding","article_modified_time":"2025-08-25T10:13:22+00:00","og_image":[{"width":1026,"height":734,"url":"https:\/\/whalescapitalfunding.com\/wp-content\/uploads\/2025\/08\/Logo-vertical-1.png","type":"image\/png"}],"twitter_card":"summary_large_image","twitter_misc":{"Dur\u00e9e de lecture estim\u00e9e":"4 minutes"},"schema":{"@context":"https:\/\/schema.org","@graph":[{"@type":"WebPage","@id":"https:\/\/whalescapitalfunding.com\/privacy-policy\/","url":"https:\/\/whalescapitalfunding.com\/privacy-policy\/","name":"Whales Capital Funding - Politique de confidentialit\u00e9","isPartOf":{"@id":"https:\/\/whalescapitalfunding.com\/#website"},"datePublished":"2025-05-30T20:17:21+00:00","dateModified":"2025-08-25T10:13:22+00:00","description":"D\u00e9couvrez comment Whales Capital Funding recueille, utilise et prot\u00e8ge vos donn\u00e9es personnelles. Nous accordons la priorit\u00e9 \u00e0 la confidentialit\u00e9, \u00e0 la transparence et au respect des r\u00e9glementations en mati\u00e8re de donn\u00e9es.","breadcrumb":{"@id":"https:\/\/whalescapitalfunding.com\/privacy-policy\/#breadcrumb"},"inLanguage":"fr-FR","potentialAction":[{"@type":"ReadAction","target":["https:\/\/whalescapitalfunding.com\/privacy-policy\/"]}]},{"@type":"BreadcrumbList","@id":"https:\/\/whalescapitalfunding.com\/privacy-policy\/#breadcrumb","itemListElement":[{"@type":"ListItem","position":1,"name":"Home","item":"https:\/\/whalescapitalfunding.com\/"},{"@type":"ListItem","position":2,"name":"Privacy Policy"}]},{"@type":"WebSite","@id":"https:\/\/whalescapitalfunding.com\/#website","url":"https:\/\/whalescapitalfunding.com\/","name":"Whales Capital Funding","description":"","publisher":{"@id":"https:\/\/whalescapitalfunding.com\/#organization"},"potentialAction":[{"@type":"SearchAction","target":{"@type":"EntryPoint","urlTemplate":"https:\/\/whalescapitalfunding.com\/?s={search_term_string}"},"query-input":{"@type":"PropertyValueSpecification","valueRequired":true,"valueName":"search_term_string"}}],"inLanguage":"fr-FR"},{"@type":"Organization","@id":"https:\/\/whalescapitalfunding.com\/#organization","name":"Whales Capital Funding","url":"https:\/\/whalescapitalfunding.com\/","logo":{"@type":"ImageObject","inLanguage":"fr-FR","@id":"https:\/\/whalescapitalfunding.com\/#\/schema\/logo\/image\/","url":"https:\/\/whalescapitalfunding.com\/wp-content\/uploads\/2025\/05\/Group-1000002606.svg","contentUrl":"https:\/\/whalescapitalfunding.com\/wp-content\/uploads\/2025\/05\/Group-1000002606.svg","width":192,"height":49,"caption":"Whales Capital Funding"},"image":{"@id":"https:\/\/whalescapitalfunding.com\/#\/schema\/logo\/image\/"}}]}},"_links":{"self":[{"href":"https:\/\/whalescapitalfunding.com\/fr\/wp-json\/wp\/v2\/pages\/2095","targetHints":{"allow":["GET"]}}],"collection":[{"href":"https:\/\/whalescapitalfunding.com\/fr\/wp-json\/wp\/v2\/pages"}],"about":[{"href":"https:\/\/whalescapitalfunding.com\/fr\/wp-json\/wp\/v2\/types\/page"}],"author":[{"embeddable":true,"href":"https:\/\/whalescapitalfunding.com\/fr\/wp-json\/wp\/v2\/users\/1"}],"replies":[{"embeddable":true,"href":"https:\/\/whalescapitalfunding.com\/fr\/wp-json\/wp\/v2\/comments?post=2095"}],"version-history":[{"count":0,"href":"https:\/\/whalescapitalfunding.com\/fr\/wp-json\/wp\/v2\/pages\/2095\/revisions"}],"wp:attachment":[{"href":"https:\/\/whalescapitalfunding.com\/fr\/wp-json\/wp\/v2\/media?parent=2095"}],"curies":[{"name":"wp","href":"https:\/\/api.w.org\/{rel}","templated":true}]}}