{"id":2108,"date":"2025-05-30T20:36:49","date_gmt":"2025-05-30T20:36:49","guid":{"rendered":"https:\/\/whalescapitalfunding.com\/?page_id=2108"},"modified":"2025-08-25T10:12:26","modified_gmt":"2025-08-25T10:12:26","slug":"politique-en-matiere-de-cookies","status":"publish","type":"page","link":"https:\/\/whalescapitalfunding.com\/fr\/politique-en-matiere-de-cookies\/","title":{"rendered":"Politique en mati\u00e8re de cookies"},"content":{"rendered":"<div data-elementor-type=\"wp-page\" data-elementor-id=\"2108\" class=\"elementor elementor-2108\" data-elementor-post-type=\"page\">\n\t\t\t\t<div class=\"elementor-element elementor-element-fe3522e e-flex e-con-boxed e-con e-parent\" data-id=\"fe3522e\" data-element_type=\"container\" data-settings=\"{&quot;jet_parallax_layout_list&quot;:[]}\">\n\t\t\t\t\t<div class=\"e-con-inner\">\n\t\t\t\t<div class=\"elementor-element elementor-element-de6022b elementor-widget elementor-widget-heading\" data-id=\"de6022b\" data-element_type=\"widget\" data-widget_type=\"heading.default\">\n\t\t\t\t\t<h1 class=\"elementor-heading-title elementor-size-default\">Politique en mati\u00e8re de cookies<\/h1>\t\t\t\t<\/div>\n\t\t\t\t<div class=\"elementor-element elementor-element-dca3837 elementor-widget elementor-widget-heading\" data-id=\"dca3837\" data-element_type=\"widget\" data-widget_type=\"heading.default\">\n\t\t\t\t\t<h2 class=\"elementor-heading-title elementor-size-default\">1. Avis sur les cookies<\/h2>\t\t\t\t<\/div>\n\t\t\t\t<div class=\"elementor-element elementor-element-248d081 elementor-widget elementor-widget-text-editor\" data-id=\"248d081\" data-element_type=\"widget\" data-widget_type=\"text-editor.default\">\n\t\t\t\t\t\t\t\t\t<p>1.1. Lorsque vous acc\u00e9dez au site, votre navigateur est invit\u00e9 \u00e0 stocker un petit fichier de donn\u00e9es, connu sous le nom de \"cookie\", sur votre appareil. Ce fichier stocke des informations sur vos pr\u00e9f\u00e9rences, telles que les param\u00e8tres linguistiques ou les donn\u00e9es de connexion. Ces cookies, install\u00e9s directement par nous, sont appel\u00e9s cookies de premi\u00e8re partie. En outre, nous utilisons des cookies de tiers - provenant de domaines distincts du site web que vous visitez - \u00e0 des fins li\u00e9es \u00e0 nos initiatives de publicit\u00e9 et de marketing. Plus pr\u00e9cis\u00e9ment, nous utilisons des cookies et d'autres technologies de suivi aux fins suivantes.<\/p>\t\t\t\t\t\t\t\t<\/div>\n\t\t\t\t<div class=\"elementor-element elementor-element-c1803b4 elementor-widget elementor-widget-heading\" data-id=\"c1803b4\" data-element_type=\"widget\" data-widget_type=\"heading.default\">\n\t\t\t\t\t<h2 class=\"elementor-heading-title elementor-size-default\">2. Cookies strictement n\u00e9cessaires<\/h2>\t\t\t\t<\/div>\n\t\t\t\t<div class=\"elementor-element elementor-element-683b256 elementor-widget elementor-widget-text-editor\" data-id=\"683b256\" data-element_type=\"widget\" data-widget_type=\"text-editor.default\">\n\t\t\t\t\t\t\t\t\t<p>2.1. Ces cookies sont essentiels au fonctionnement de notre site web et ne peuvent pas \u00eatre d\u00e9sactiv\u00e9s par nos syst\u00e8mes.<br \/>Ils sont g\u00e9n\u00e9ralement install\u00e9s en r\u00e9ponse \u00e0 des actions que vous entreprenez et qui constituent une demande de services, telles que le r\u00e9glage des pr\u00e9f\u00e9rences en mati\u00e8re de confidentialit\u00e9, la connexion ou le remplissage de formulaires. Vous pouvez configurer votre navigateur pour qu'il bloque ces cookies ou qu'il vous avertisse de leur pr\u00e9sence, mais cela peut entra\u00eener un dysfonctionnement de certaines parties du site web. Ces cookies ne collectent ni ne stockent aucune information personnelle identifiable.<\/p><p><br \/>Exemples de cookies utilis\u00e9s :<\/p><p>\u00a0<\/p><ul><li>lastExternalReferrerTime (local)<\/li><li>_grecaptcha (local)<\/li><li>elementor (session\/local)<\/li><li>lastExternalReferrer (local)<\/li><\/ul>\t\t\t\t\t\t\t\t<\/div>\n\t\t\t\t<div class=\"elementor-element elementor-element-80f03c1 elementor-widget elementor-widget-heading\" data-id=\"80f03c1\" data-element_type=\"widget\" data-widget_type=\"heading.default\">\n\t\t\t\t\t<h2 class=\"elementor-heading-title elementor-size-default\">3. Cookies de performance<\/h2>\t\t\t\t<\/div>\n\t\t\t\t<div class=\"elementor-element elementor-element-9338561 elementor-widget elementor-widget-text-editor\" data-id=\"9338561\" data-element_type=\"widget\" data-widget_type=\"text-editor.default\">\n\t\t\t\t\t\t\t\t\t<p>3.1. Whales Capital Funding utilise des cookies de performance, en particulier Google Analytics, pour effectuer des analyses statistiques sur l'utilisation des pages, les interactions des utilisateurs et les chemins de navigation sur notre site web. Cette \"analyse num\u00e9rique\" nous permet d'am\u00e9liorer les performances de notre site en identifiant les contenus les plus et les moins populaires et en comprenant le comportement g\u00e9n\u00e9ral des utilisateurs. Les donn\u00e9es collect\u00e9es ne sont pas li\u00e9es \u00e0 des personnes identifiables par Whales Capital Funding.<\/p><p><br \/>3.2. Pour une vue d'ensemble des cookies de Google Analytics, veuillez vous r\u00e9f\u00e9rer \u00e0 la Vue d'ensemble des cookies de Google Analytics.<\/p><p><br \/>3.3. Pour d\u00e9sactiver ce suivi, installez le module compl\u00e9mentaire de navigateur pour la d\u00e9sactivation de Google Analytics, disponible ici.<\/p>\t\t\t\t\t\t\t\t<\/div>\n\t\t\t\t<div class=\"elementor-element elementor-element-5f6d169 elementor-widget elementor-widget-heading\" data-id=\"5f6d169\" data-element_type=\"widget\" data-widget_type=\"heading.default\">\n\t\t\t\t\t<h2 class=\"elementor-heading-title elementor-size-default\">4. Cookies de marketing<\/h2>\t\t\t\t<\/div>\n\t\t\t\t<div class=\"elementor-element elementor-element-465463c elementor-widget elementor-widget-text-editor\" data-id=\"465463c\" data-element_type=\"widget\" data-widget_type=\"text-editor.default\">\n\t\t\t\t\t\t\t\t\t<p>4.1. Nous utilisons un programme de gestion de base de donn\u00e9es marketing qui d\u00e9ploie un cookie lorsqu'un utilisateur interagit avec nos communications marketing. Ces interactions comprennent des actions telles que l'envoi d'un courrier \u00e9lectronique de marketing ou l'acc\u00e8s \u00e0 une page d'atterrissage de marketing sur notre site web. Le cookie d\u00e9ploy\u00e9 recueille des informations personnelles, y compris, mais sans s'y limiter, votre nom, les pages sp\u00e9cifiques que vous visitez sur notre site, la mani\u00e8re dont vous \u00eates arriv\u00e9 sur notre site et les d\u00e9tails de votre achat. Ces donn\u00e9es sont utilis\u00e9es pour \u00e9valuer l'efficacit\u00e9 de nos campagnes et am\u00e9liorer notre ciblage marketing.<\/p><p><br \/>\u26a0 Ce type de cookie n\u00e9cessite un consentement pr\u00e9alable explicite (opt-in) de la part de l'utilisateur, conform\u00e9ment au GDPR.<\/p><p><br \/>4.2. Les cookies mis en place par des tiers peuvent entrer dans cette cat\u00e9gorie. Whales Capital Funding n'a aucun contr\u00f4le sur ces cookies de tiers et ne partage pas les donn\u00e9es collect\u00e9es par ces derniers.<\/p>\t\t\t\t\t\t\t\t<\/div>\n\t\t\t\t<div class=\"elementor-element elementor-element-c564999 elementor-widget elementor-widget-heading\" data-id=\"c564999\" data-element_type=\"widget\" data-widget_type=\"heading.default\">\n\t\t\t\t\t<h2 class=\"elementor-heading-title elementor-size-default\">5. Cookies de sites web tiers<\/h2>\t\t\t\t<\/div>\n\t\t\t\t<div class=\"elementor-element elementor-element-37b375f elementor-widget elementor-widget-text-editor\" data-id=\"37b375f\" data-element_type=\"widget\" data-widget_type=\"text-editor.default\">\n\t\t\t\t\t\t\t\t\t<p>5.1. Lorsque vous acc\u00e9dez \u00e0 notre site web, vous pouvez \u00eatre redirig\u00e9 vers des sites web externes \u00e0 diverses fins : participation \u00e0 des enqu\u00eates, traitement des paiements, soumission de demandes, affichage de contenu h\u00e9berg\u00e9, etc.<\/p><p><br \/>5.2. Ces sites peuvent utiliser leurs propres cookies. Nous n'avons aucun contr\u00f4le sur leur utilisation et d\u00e9clinons toute responsabilit\u00e9 \u00e0 cet \u00e9gard.<\/p>\t\t\t\t\t\t\t\t<\/div>\n\t\t\t\t<div class=\"elementor-element elementor-element-8b812aa elementor-widget elementor-widget-heading\" data-id=\"8b812aa\" data-element_type=\"widget\" data-widget_type=\"heading.default\">\n\t\t\t\t\t<h2 class=\"elementor-heading-title elementor-size-default\">6. Param\u00e8tres de consentement aux cookies<\/h2>\t\t\t\t<\/div>\n\t\t\t\t<div class=\"elementor-element elementor-element-9cce912 elementor-widget elementor-widget-text-editor\" data-id=\"9cce912\" data-element_type=\"widget\" data-widget_type=\"text-editor.default\">\n\t\t\t\t\t\t\t\t\t<p>6.1. Notre outil de gestion du consentement permet aux utilisateurs d'ajuster leurs pr\u00e9f\u00e9rences en mati\u00e8re de cookies. Il enregistre vos choix et vous informe de toute mise \u00e0 jour de nos politiques en mati\u00e8re de confidentialit\u00e9 et de cookies.<\/p>\t\t\t\t\t\t\t\t<\/div>\n\t\t\t\t<div class=\"elementor-element elementor-element-331dfb3 elementor-widget elementor-widget-heading\" data-id=\"331dfb3\" data-element_type=\"widget\" data-widget_type=\"heading.default\">\n\t\t\t\t\t<h2 class=\"elementor-heading-title elementor-size-default\">7. Cookies pr\u00e9c\u00e9demment install\u00e9s<\/h2>\t\t\t\t<\/div>\n\t\t\t\t<div class=\"elementor-element elementor-element-8f0c46d elementor-widget elementor-widget-text-editor\" data-id=\"8f0c46d\" data-element_type=\"widget\" data-widget_type=\"text-editor.default\">\n\t\t\t\t\t\t\t\t\t<p>7.1. La collecte de donn\u00e9es par le biais de cookies analytiques peut \u00eatre interrompue. Les informations collect\u00e9es avant la suppression peuvent encore \u00eatre utilis\u00e9es, mais nous cessons toute collecte de donn\u00e9es par le biais du cookie d\u00e9sactiv\u00e9.<\/p><p><br \/>7.2. Si un utilisateur refuse les cookies de marketing, un nouveau cookie est plac\u00e9 pour garantir qu'aucun autre suivi n'aura lieu.<\/p>\t\t\t\t\t\t\t\t<\/div>\n\t\t\t\t<div class=\"elementor-element elementor-element-0c82902 elementor-widget elementor-widget-heading\" data-id=\"0c82902\" data-element_type=\"widget\" data-widget_type=\"heading.default\">\n\t\t\t\t\t<h2 class=\"elementor-heading-title elementor-size-default\">8. P\u00e9riode de conservation et droits de l'utilisateur<\/h2>\t\t\t\t<\/div>\n\t\t\t\t<div class=\"elementor-element elementor-element-4abc925 elementor-widget elementor-widget-text-editor\" data-id=\"4abc925\" data-element_type=\"widget\" data-widget_type=\"text-editor.default\">\n\t\t\t\t\t\t\t\t\t<p>8.1. La dur\u00e9e de conservation des cookies varie en fonction de leur finalit\u00e9. Les cookies de session expirent \u00e0 la fermeture du navigateur, tandis que les cookies persistants peuvent \u00eatre conserv\u00e9s jusqu'\u00e0 13 mois, conform\u00e9ment \u00e0 la l\u00e9gislation en vigueur.<\/p><p><br \/>8.2. Conform\u00e9ment au GDPR, vous disposez des droits suivants concernant vos donn\u00e9es : droit d'acc\u00e8s, de rectification, d'opposition et d'effacement. Pour exercer vos droits, veuillez vous r\u00e9f\u00e9rer \u00e0 notre Politique de confidentialit\u00e9 (lien \u00e0 ins\u00e9rer).<\/p>\t\t\t\t\t\t\t\t<\/div>\n\t\t\t\t\t<\/div>\n\t\t\t\t<\/div>\n\t\t\t\t<\/div>","protected":false},"excerpt":{"rendered":"<p>Politique en mati\u00e8re de cookies 1. Avis sur les cookies 1.1. Lorsque vous acc\u00e9dez au site, votre navigateur est invit\u00e9 \u00e0 stocker un petit fichier de donn\u00e9es, connu sous le nom de cookie, sur votre appareil. Ce fichier stocke des informations sur vos pr\u00e9f\u00e9rences, telles que les param\u00e8tres linguistiques ou les donn\u00e9es de connexion. Ces cookies, install\u00e9s directement par nous, sont appel\u00e9s cookies de premi\u00e8re partie. En outre, nous utilisons [...]<\/p>","protected":false},"author":1,"featured_media":0,"parent":0,"menu_order":0,"comment_status":"closed","ping_status":"closed","template":"","meta":{"footnotes":""},"class_list":["post-2108","page","type-page","status-publish","hentry"],"yoast_head":"<!-- This site is optimized with the Yoast SEO plugin v27.3 - https:\/\/yoast.com\/product\/yoast-seo-wordpress\/ -->\n<title>Whales Capital Funding - Cookies Policy<\/title>\n<meta name=\"description\" content=\"Read our Cookies Policy to understand how we use cookies to enhance your experience, ensure site functionality, and improve performance at Whales Capital.\" \/>\n<meta name=\"robots\" content=\"index, follow, max-snippet:-1, max-image-preview:large, max-video-preview:-1\" \/>\n<link rel=\"canonical\" href=\"https:\/\/whalescapitalfunding.com\/fr\/politique-en-matiere-de-cookies\/\" \/>\n<meta property=\"og:locale\" content=\"fr_FR\" \/>\n<meta property=\"og:type\" content=\"article\" \/>\n<meta property=\"og:title\" content=\"Whales Capital Funding - Cookies Policy\" \/>\n<meta property=\"og:description\" content=\"Read our Cookies Policy to understand how we use cookies to enhance your experience, ensure site functionality, and improve performance at Whales Capital.\" \/>\n<meta property=\"og:url\" content=\"https:\/\/whalescapitalfunding.com\/fr\/politique-en-matiere-de-cookies\/\" \/>\n<meta property=\"og:site_name\" content=\"Whales Capital Funding\" \/>\n<meta property=\"article:modified_time\" content=\"2025-08-25T10:12:26+00:00\" \/>\n<meta property=\"og:image\" content=\"https:\/\/whalescapitalfunding.com\/wp-content\/uploads\/2025\/08\/Logo-vertical-1.png\" \/>\n\t<meta property=\"og:image:width\" content=\"1026\" \/>\n\t<meta property=\"og:image:height\" content=\"734\" \/>\n\t<meta property=\"og:image:type\" content=\"image\/png\" \/>\n<meta name=\"twitter:card\" content=\"summary_large_image\" \/>\n<meta name=\"twitter:label1\" content=\"Dur\u00e9e de lecture estim\u00e9e\" \/>\n\t<meta name=\"twitter:data1\" content=\"4 minutes\" \/>\n<script type=\"application\/ld+json\" class=\"yoast-schema-graph\">{\"@context\":\"https:\\\/\\\/schema.org\",\"@graph\":[{\"@type\":\"WebPage\",\"@id\":\"https:\\\/\\\/whalescapitalfunding.com\\\/cookies-policy\\\/\",\"url\":\"https:\\\/\\\/whalescapitalfunding.com\\\/cookies-policy\\\/\",\"name\":\"Whales Capital Funding - Cookies Policy\",\"isPartOf\":{\"@id\":\"https:\\\/\\\/whalescapitalfunding.com\\\/#website\"},\"datePublished\":\"2025-05-30T20:36:49+00:00\",\"dateModified\":\"2025-08-25T10:12:26+00:00\",\"description\":\"Read our Cookies Policy to understand how we use cookies to enhance your experience, ensure site functionality, and improve performance at Whales Capital.\",\"breadcrumb\":{\"@id\":\"https:\\\/\\\/whalescapitalfunding.com\\\/cookies-policy\\\/#breadcrumb\"},\"inLanguage\":\"fr-FR\",\"potentialAction\":[{\"@type\":\"ReadAction\",\"target\":[\"https:\\\/\\\/whalescapitalfunding.com\\\/cookies-policy\\\/\"]}]},{\"@type\":\"BreadcrumbList\",\"@id\":\"https:\\\/\\\/whalescapitalfunding.com\\\/cookies-policy\\\/#breadcrumb\",\"itemListElement\":[{\"@type\":\"ListItem\",\"position\":1,\"name\":\"Home\",\"item\":\"https:\\\/\\\/whalescapitalfunding.com\\\/\"},{\"@type\":\"ListItem\",\"position\":2,\"name\":\"Cookies Policy\"}]},{\"@type\":\"WebSite\",\"@id\":\"https:\\\/\\\/whalescapitalfunding.com\\\/#website\",\"url\":\"https:\\\/\\\/whalescapitalfunding.com\\\/\",\"name\":\"Whales Capital Funding\",\"description\":\"\",\"publisher\":{\"@id\":\"https:\\\/\\\/whalescapitalfunding.com\\\/#organization\"},\"potentialAction\":[{\"@type\":\"SearchAction\",\"target\":{\"@type\":\"EntryPoint\",\"urlTemplate\":\"https:\\\/\\\/whalescapitalfunding.com\\\/?s={search_term_string}\"},\"query-input\":{\"@type\":\"PropertyValueSpecification\",\"valueRequired\":true,\"valueName\":\"search_term_string\"}}],\"inLanguage\":\"fr-FR\"},{\"@type\":\"Organization\",\"@id\":\"https:\\\/\\\/whalescapitalfunding.com\\\/#organization\",\"name\":\"Whales Capital Funding\",\"url\":\"https:\\\/\\\/whalescapitalfunding.com\\\/\",\"logo\":{\"@type\":\"ImageObject\",\"inLanguage\":\"fr-FR\",\"@id\":\"https:\\\/\\\/whalescapitalfunding.com\\\/#\\\/schema\\\/logo\\\/image\\\/\",\"url\":\"https:\\\/\\\/whalescapitalfunding.com\\\/wp-content\\\/uploads\\\/2025\\\/05\\\/Group-1000002606.svg\",\"contentUrl\":\"https:\\\/\\\/whalescapitalfunding.com\\\/wp-content\\\/uploads\\\/2025\\\/05\\\/Group-1000002606.svg\",\"width\":192,\"height\":49,\"caption\":\"Whales Capital Funding\"},\"image\":{\"@id\":\"https:\\\/\\\/whalescapitalfunding.com\\\/#\\\/schema\\\/logo\\\/image\\\/\"}}]}<\/script>\n<!-- \/ Yoast SEO plugin. -->","yoast_head_json":{"title":"Whales Capital Funding - Politique en mati\u00e8re de cookies","description":"Lisez notre politique en mati\u00e8re de cookies pour comprendre comment nous utilisons les cookies pour am\u00e9liorer votre exp\u00e9rience, garantir la fonctionnalit\u00e9 du site et am\u00e9liorer les performances de Whales Capital.","robots":{"index":"index","follow":"follow","max-snippet":"max-snippet:-1","max-image-preview":"max-image-preview:large","max-video-preview":"max-video-preview:-1"},"canonical":"https:\/\/whalescapitalfunding.com\/fr\/politique-en-matiere-de-cookies\/","og_locale":"fr_FR","og_type":"article","og_title":"Whales Capital Funding - Cookies Policy","og_description":"Read our Cookies Policy to understand how we use cookies to enhance your experience, ensure site functionality, and improve performance at Whales Capital.","og_url":"https:\/\/whalescapitalfunding.com\/fr\/politique-en-matiere-de-cookies\/","og_site_name":"Whales Capital Funding","article_modified_time":"2025-08-25T10:12:26+00:00","og_image":[{"width":1026,"height":734,"url":"https:\/\/whalescapitalfunding.com\/wp-content\/uploads\/2025\/08\/Logo-vertical-1.png","type":"image\/png"}],"twitter_card":"summary_large_image","twitter_misc":{"Dur\u00e9e de lecture estim\u00e9e":"4 minutes"},"schema":{"@context":"https:\/\/schema.org","@graph":[{"@type":"WebPage","@id":"https:\/\/whalescapitalfunding.com\/cookies-policy\/","url":"https:\/\/whalescapitalfunding.com\/cookies-policy\/","name":"Whales Capital Funding - Politique en mati\u00e8re de cookies","isPartOf":{"@id":"https:\/\/whalescapitalfunding.com\/#website"},"datePublished":"2025-05-30T20:36:49+00:00","dateModified":"2025-08-25T10:12:26+00:00","description":"Lisez notre politique en mati\u00e8re de cookies pour comprendre comment nous utilisons les cookies pour am\u00e9liorer votre exp\u00e9rience, garantir la fonctionnalit\u00e9 du site et am\u00e9liorer les performances de Whales Capital.","breadcrumb":{"@id":"https:\/\/whalescapitalfunding.com\/cookies-policy\/#breadcrumb"},"inLanguage":"fr-FR","potentialAction":[{"@type":"ReadAction","target":["https:\/\/whalescapitalfunding.com\/cookies-policy\/"]}]},{"@type":"BreadcrumbList","@id":"https:\/\/whalescapitalfunding.com\/cookies-policy\/#breadcrumb","itemListElement":[{"@type":"ListItem","position":1,"name":"Home","item":"https:\/\/whalescapitalfunding.com\/"},{"@type":"ListItem","position":2,"name":"Cookies Policy"}]},{"@type":"WebSite","@id":"https:\/\/whalescapitalfunding.com\/#website","url":"https:\/\/whalescapitalfunding.com\/","name":"Whales Capital Funding","description":"","publisher":{"@id":"https:\/\/whalescapitalfunding.com\/#organization"},"potentialAction":[{"@type":"SearchAction","target":{"@type":"EntryPoint","urlTemplate":"https:\/\/whalescapitalfunding.com\/?s={search_term_string}"},"query-input":{"@type":"PropertyValueSpecification","valueRequired":true,"valueName":"search_term_string"}}],"inLanguage":"fr-FR"},{"@type":"Organization","@id":"https:\/\/whalescapitalfunding.com\/#organization","name":"Whales Capital Funding","url":"https:\/\/whalescapitalfunding.com\/","logo":{"@type":"ImageObject","inLanguage":"fr-FR","@id":"https:\/\/whalescapitalfunding.com\/#\/schema\/logo\/image\/","url":"https:\/\/whalescapitalfunding.com\/wp-content\/uploads\/2025\/05\/Group-1000002606.svg","contentUrl":"https:\/\/whalescapitalfunding.com\/wp-content\/uploads\/2025\/05\/Group-1000002606.svg","width":192,"height":49,"caption":"Whales Capital Funding"},"image":{"@id":"https:\/\/whalescapitalfunding.com\/#\/schema\/logo\/image\/"}}]}},"_links":{"self":[{"href":"https:\/\/whalescapitalfunding.com\/fr\/wp-json\/wp\/v2\/pages\/2108","targetHints":{"allow":["GET"]}}],"collection":[{"href":"https:\/\/whalescapitalfunding.com\/fr\/wp-json\/wp\/v2\/pages"}],"about":[{"href":"https:\/\/whalescapitalfunding.com\/fr\/wp-json\/wp\/v2\/types\/page"}],"author":[{"embeddable":true,"href":"https:\/\/whalescapitalfunding.com\/fr\/wp-json\/wp\/v2\/users\/1"}],"replies":[{"embeddable":true,"href":"https:\/\/whalescapitalfunding.com\/fr\/wp-json\/wp\/v2\/comments?post=2108"}],"version-history":[{"count":0,"href":"https:\/\/whalescapitalfunding.com\/fr\/wp-json\/wp\/v2\/pages\/2108\/revisions"}],"wp:attachment":[{"href":"https:\/\/whalescapitalfunding.com\/fr\/wp-json\/wp\/v2\/media?parent=2108"}],"curies":[{"name":"wp","href":"https:\/\/api.w.org\/{rel}","templated":true}]}}