{"id":2303,"date":"2025-06-03T07:54:37","date_gmt":"2025-06-03T07:54:37","guid":{"rendered":"https:\/\/whalescapitalfunding.com\/?page_id=2303"},"modified":"2025-08-25T10:13:06","modified_gmt":"2025-08-25T10:13:06","slug":"informations-juridiques","status":"publish","type":"page","link":"https:\/\/whalescapitalfunding.com\/fr\/informations-juridiques\/","title":{"rendered":"Informations juridiques"},"content":{"rendered":"<div data-elementor-type=\"wp-page\" data-elementor-id=\"2303\" class=\"elementor elementor-2303\" data-elementor-post-type=\"page\">\n\t\t\t\t<div class=\"elementor-element elementor-element-47f4d58 e-flex e-con-boxed e-con e-parent\" data-id=\"47f4d58\" data-element_type=\"container\" data-settings=\"{&quot;jet_parallax_layout_list&quot;:[]}\">\n\t\t\t\t\t<div class=\"e-con-inner\">\n\t\t\t\t<div class=\"elementor-element elementor-element-868d65a elementor-widget elementor-widget-heading\" data-id=\"868d65a\" data-element_type=\"widget\" data-widget_type=\"heading.default\">\n\t\t\t\t\t<h1 class=\"elementor-heading-title elementor-size-default\">Informations juridiques<\/h1>\t\t\t\t<\/div>\n\t\t\t\t<div class=\"elementor-element elementor-element-2875a3d elementor-widget elementor-widget-text-editor\" data-id=\"2875a3d\" data-element_type=\"widget\" data-widget_type=\"text-editor.default\">\n\t\t\t\t\t\t\t\t\t<p>Conform\u00e9ment aux dispositions de la loi n\u00b0 2004-575 du 21 juin 2004 pour la confiance dans l'\u00e9conomie num\u00e9rique, il est pr\u00e9cis\u00e9 aux utilisateurs du site Whales Capital Funding l'identit\u00e9 des diff\u00e9rents intervenants dans le cadre de sa r\u00e9alisation et de son suivi.<\/p><p>\u00a0<\/p><p><strong>Publication du site<\/strong><\/p><p>Ce site, accessible \u00e0 l'adresse whalescapitalfunding.com (le \"Site\"), est cr\u00e9\u00e9 par :<\/p><p>SAS, La Digit'Cave : <a href=\"https:\/\/digitcave.fr\/\">https:\/\/digitcave.fr\/\u00a0<\/a><\/p><p><br \/>Ce site, accessible \u00e0 l'adresse whalescapitalfunding.com (le \"Site\"), est \u00e9dit\u00e9 par :<\/p><p>\u00a0<\/p><p>Global Whales Group FZC, une soci\u00e9t\u00e9 enregistr\u00e9e aux \u00c9mirats arabes unis, dont le si\u00e8ge se trouve \u00e0 Sharjah Research Technology and Innovation Park (SRTIP), University City, Sharjah, \u00c9mirats arabes unis.<\/p><p>\u00a0<\/p><p>Repr\u00e9sent\u00e9 par M. Mathieu TROUILLAS, de nationalit\u00e9 fran\u00e7aise, n\u00e9 le 13\/11\/1999.<\/p><p>\u00a0<\/p><p><strong>H\u00e9bergement<\/strong><\/p><p><br \/>Le site est h\u00e9berg\u00e9 par Hostinger International Ltd, dont le si\u00e8ge est situ\u00e9 au 61 Lordou Vironos Street, 6023 Larnaca, Chypre.<\/p><p>Contact : https:\/\/www.hostinger.fr\/contact<\/p><p>\u00a0<\/p><p><strong>Directeur de la publication<\/strong><\/p><p><br \/>Le directeur de la publication du site est M. Mathieu TROUILLAS.<\/p><p>\u00a0<\/p><p><strong>Contactez nous<\/strong><\/p><p><br \/>Par t\u00e9l\u00e9phone : +33 7 61 04 52 00<\/p><p>Par courrier \u00e9lectronique : support@whalescapitalfunding.com<\/p><p>Par courrier : Global Whales Group FZC, SRTIP, University City, Sharjah, \u00c9mirats arabes unis<\/p><p>Traduit avec DeepL.com (version gratuite)<\/p>\t\t\t\t\t\t\t\t<\/div>\n\t\t\t\t\t<\/div>\n\t\t\t\t<\/div>\n\t\t\t\t<\/div>","protected":false},"excerpt":{"rendered":"<p>Informations l\u00e9gales Conform\u00e9ment aux dispositions de la loi n\u00b0 2004-575 du 21 juin 2004 pour la confiance dans l'\u00e9conomie num\u00e9rique, il est pr\u00e9cis\u00e9 aux utilisateurs du site Whales Capital Funding l'identit\u00e9 des diff\u00e9rents intervenants dans le cadre de sa r\u00e9alisation et de son suivi.   Publication du site Le pr\u00e9sent site, accessible \u00e0 l'adresse whalescapitalfunding.com (le \" Site \"), est cr\u00e9\u00e9 [...]<\/p>","protected":false},"author":1,"featured_media":0,"parent":0,"menu_order":0,"comment_status":"closed","ping_status":"closed","template":"","meta":{"footnotes":""},"class_list":["post-2303","page","type-page","status-publish","hentry"],"yoast_head":"<!-- This site is optimized with the Yoast SEO plugin v27.3 - https:\/\/yoast.com\/product\/yoast-seo-wordpress\/ -->\n<title>Whales Capital Funding - Legal Information<\/title>\n<meta name=\"description\" content=\"Access official legal details about Whales Capital Funding, including company registration, publisher identity, hosting, and contact information.\" \/>\n<meta name=\"robots\" content=\"index, follow, max-snippet:-1, max-image-preview:large, max-video-preview:-1\" \/>\n<link rel=\"canonical\" href=\"https:\/\/whalescapitalfunding.com\/fr\/informations-juridiques\/\" \/>\n<meta property=\"og:locale\" content=\"fr_FR\" \/>\n<meta property=\"og:type\" content=\"article\" \/>\n<meta property=\"og:title\" content=\"Whales Capital Funding - Legal Information\" \/>\n<meta property=\"og:description\" content=\"Access official legal details about Whales Capital Funding, including company registration, publisher identity, hosting, and contact information.\" \/>\n<meta property=\"og:url\" content=\"https:\/\/whalescapitalfunding.com\/fr\/informations-juridiques\/\" \/>\n<meta property=\"og:site_name\" content=\"Whales Capital Funding\" \/>\n<meta property=\"article:modified_time\" content=\"2025-08-25T10:13:06+00:00\" \/>\n<meta property=\"og:image\" content=\"https:\/\/whalescapitalfunding.com\/wp-content\/uploads\/2025\/08\/Logo-vertical-1.png\" \/>\n\t<meta property=\"og:image:width\" content=\"1026\" \/>\n\t<meta property=\"og:image:height\" content=\"734\" \/>\n\t<meta property=\"og:image:type\" content=\"image\/png\" \/>\n<meta name=\"twitter:card\" content=\"summary_large_image\" \/>\n<meta name=\"twitter:label1\" content=\"Dur\u00e9e de lecture estim\u00e9e\" \/>\n\t<meta name=\"twitter:data1\" content=\"1 minute\" \/>\n<script type=\"application\/ld+json\" class=\"yoast-schema-graph\">{\"@context\":\"https:\\\/\\\/schema.org\",\"@graph\":[{\"@type\":\"WebPage\",\"@id\":\"https:\\\/\\\/whalescapitalfunding.com\\\/legal-information\\\/\",\"url\":\"https:\\\/\\\/whalescapitalfunding.com\\\/legal-information\\\/\",\"name\":\"Whales Capital Funding - Legal Information\",\"isPartOf\":{\"@id\":\"https:\\\/\\\/whalescapitalfunding.com\\\/#website\"},\"datePublished\":\"2025-06-03T07:54:37+00:00\",\"dateModified\":\"2025-08-25T10:13:06+00:00\",\"description\":\"Access official legal details about Whales Capital Funding, including company registration, publisher identity, hosting, and contact information.\",\"breadcrumb\":{\"@id\":\"https:\\\/\\\/whalescapitalfunding.com\\\/legal-information\\\/#breadcrumb\"},\"inLanguage\":\"fr-FR\",\"potentialAction\":[{\"@type\":\"ReadAction\",\"target\":[\"https:\\\/\\\/whalescapitalfunding.com\\\/legal-information\\\/\"]}]},{\"@type\":\"BreadcrumbList\",\"@id\":\"https:\\\/\\\/whalescapitalfunding.com\\\/legal-information\\\/#breadcrumb\",\"itemListElement\":[{\"@type\":\"ListItem\",\"position\":1,\"name\":\"Home\",\"item\":\"https:\\\/\\\/whalescapitalfunding.com\\\/\"},{\"@type\":\"ListItem\",\"position\":2,\"name\":\"Legal Information\"}]},{\"@type\":\"WebSite\",\"@id\":\"https:\\\/\\\/whalescapitalfunding.com\\\/#website\",\"url\":\"https:\\\/\\\/whalescapitalfunding.com\\\/\",\"name\":\"Whales Capital Funding\",\"description\":\"\",\"publisher\":{\"@id\":\"https:\\\/\\\/whalescapitalfunding.com\\\/#organization\"},\"potentialAction\":[{\"@type\":\"SearchAction\",\"target\":{\"@type\":\"EntryPoint\",\"urlTemplate\":\"https:\\\/\\\/whalescapitalfunding.com\\\/?s={search_term_string}\"},\"query-input\":{\"@type\":\"PropertyValueSpecification\",\"valueRequired\":true,\"valueName\":\"search_term_string\"}}],\"inLanguage\":\"fr-FR\"},{\"@type\":\"Organization\",\"@id\":\"https:\\\/\\\/whalescapitalfunding.com\\\/#organization\",\"name\":\"Whales Capital Funding\",\"url\":\"https:\\\/\\\/whalescapitalfunding.com\\\/\",\"logo\":{\"@type\":\"ImageObject\",\"inLanguage\":\"fr-FR\",\"@id\":\"https:\\\/\\\/whalescapitalfunding.com\\\/#\\\/schema\\\/logo\\\/image\\\/\",\"url\":\"https:\\\/\\\/whalescapitalfunding.com\\\/wp-content\\\/uploads\\\/2025\\\/05\\\/Group-1000002606.svg\",\"contentUrl\":\"https:\\\/\\\/whalescapitalfunding.com\\\/wp-content\\\/uploads\\\/2025\\\/05\\\/Group-1000002606.svg\",\"width\":192,\"height\":49,\"caption\":\"Whales Capital Funding\"},\"image\":{\"@id\":\"https:\\\/\\\/whalescapitalfunding.com\\\/#\\\/schema\\\/logo\\\/image\\\/\"}}]}<\/script>\n<!-- \/ Yoast SEO plugin. -->","yoast_head_json":{"title":"Whales Capital Funding - Informations juridiques","description":"Acc\u00e9dez aux informations l\u00e9gales officielles concernant Whales Capital Funding, y compris l'enregistrement de la soci\u00e9t\u00e9, l'identit\u00e9 de l'\u00e9diteur, l'h\u00e9bergement et les informations de contact.","robots":{"index":"index","follow":"follow","max-snippet":"max-snippet:-1","max-image-preview":"max-image-preview:large","max-video-preview":"max-video-preview:-1"},"canonical":"https:\/\/whalescapitalfunding.com\/fr\/informations-juridiques\/","og_locale":"fr_FR","og_type":"article","og_title":"Whales Capital Funding - Legal Information","og_description":"Access official legal details about Whales Capital Funding, including company registration, publisher identity, hosting, and contact information.","og_url":"https:\/\/whalescapitalfunding.com\/fr\/informations-juridiques\/","og_site_name":"Whales Capital Funding","article_modified_time":"2025-08-25T10:13:06+00:00","og_image":[{"width":1026,"height":734,"url":"https:\/\/whalescapitalfunding.com\/wp-content\/uploads\/2025\/08\/Logo-vertical-1.png","type":"image\/png"}],"twitter_card":"summary_large_image","twitter_misc":{"Dur\u00e9e de lecture estim\u00e9e":"1 minute"},"schema":{"@context":"https:\/\/schema.org","@graph":[{"@type":"WebPage","@id":"https:\/\/whalescapitalfunding.com\/legal-information\/","url":"https:\/\/whalescapitalfunding.com\/legal-information\/","name":"Whales Capital Funding - Informations juridiques","isPartOf":{"@id":"https:\/\/whalescapitalfunding.com\/#website"},"datePublished":"2025-06-03T07:54:37+00:00","dateModified":"2025-08-25T10:13:06+00:00","description":"Acc\u00e9dez aux informations l\u00e9gales officielles concernant Whales Capital Funding, y compris l'enregistrement de la soci\u00e9t\u00e9, l'identit\u00e9 de l'\u00e9diteur, l'h\u00e9bergement et les informations de contact.","breadcrumb":{"@id":"https:\/\/whalescapitalfunding.com\/legal-information\/#breadcrumb"},"inLanguage":"fr-FR","potentialAction":[{"@type":"ReadAction","target":["https:\/\/whalescapitalfunding.com\/legal-information\/"]}]},{"@type":"BreadcrumbList","@id":"https:\/\/whalescapitalfunding.com\/legal-information\/#breadcrumb","itemListElement":[{"@type":"ListItem","position":1,"name":"Home","item":"https:\/\/whalescapitalfunding.com\/"},{"@type":"ListItem","position":2,"name":"Legal Information"}]},{"@type":"WebSite","@id":"https:\/\/whalescapitalfunding.com\/#website","url":"https:\/\/whalescapitalfunding.com\/","name":"Whales Capital Funding","description":"","publisher":{"@id":"https:\/\/whalescapitalfunding.com\/#organization"},"potentialAction":[{"@type":"SearchAction","target":{"@type":"EntryPoint","urlTemplate":"https:\/\/whalescapitalfunding.com\/?s={search_term_string}"},"query-input":{"@type":"PropertyValueSpecification","valueRequired":true,"valueName":"search_term_string"}}],"inLanguage":"fr-FR"},{"@type":"Organization","@id":"https:\/\/whalescapitalfunding.com\/#organization","name":"Whales Capital Funding","url":"https:\/\/whalescapitalfunding.com\/","logo":{"@type":"ImageObject","inLanguage":"fr-FR","@id":"https:\/\/whalescapitalfunding.com\/#\/schema\/logo\/image\/","url":"https:\/\/whalescapitalfunding.com\/wp-content\/uploads\/2025\/05\/Group-1000002606.svg","contentUrl":"https:\/\/whalescapitalfunding.com\/wp-content\/uploads\/2025\/05\/Group-1000002606.svg","width":192,"height":49,"caption":"Whales Capital Funding"},"image":{"@id":"https:\/\/whalescapitalfunding.com\/#\/schema\/logo\/image\/"}}]}},"_links":{"self":[{"href":"https:\/\/whalescapitalfunding.com\/fr\/wp-json\/wp\/v2\/pages\/2303","targetHints":{"allow":["GET"]}}],"collection":[{"href":"https:\/\/whalescapitalfunding.com\/fr\/wp-json\/wp\/v2\/pages"}],"about":[{"href":"https:\/\/whalescapitalfunding.com\/fr\/wp-json\/wp\/v2\/types\/page"}],"author":[{"embeddable":true,"href":"https:\/\/whalescapitalfunding.com\/fr\/wp-json\/wp\/v2\/users\/1"}],"replies":[{"embeddable":true,"href":"https:\/\/whalescapitalfunding.com\/fr\/wp-json\/wp\/v2\/comments?post=2303"}],"version-history":[{"count":0,"href":"https:\/\/whalescapitalfunding.com\/fr\/wp-json\/wp\/v2\/pages\/2303\/revisions"}],"wp:attachment":[{"href":"https:\/\/whalescapitalfunding.com\/fr\/wp-json\/wp\/v2\/media?parent=2303"}],"curies":[{"name":"wp","href":"https:\/\/api.w.org\/{rel}","templated":true}]}}